{"id":6747,"date":"2022-02-22T00:19:21","date_gmt":"2022-02-21T22:19:21","guid":{"rendered":"https:\/\/juristavards.lv\/veikals\/produkts\/efektivs-tiesibu-aizsardzibas-lidzeklis-pret-likumu\/"},"modified":"2025-12-03T15:21:06","modified_gmt":"2025-12-03T13:21:06","slug":"efektivs-tiesibu-aizsardzibas-lidzeklis-pret-likumu","status":"publish","type":"product","link":"https:\/\/juristavards.lv\/veikals\/produkts\/efektivs-tiesibu-aizsardzibas-lidzeklis-pret-likumu\/","title":{"rendered":"Efekt\u012bvs ties\u012bbu aizsardz\u012bbas l\u012bdzeklis pret likumu"},"content":{"rendered":"<p class=\"Parasts\" style=\"text-align: justify\">Monogr\u0101fiju s\u0113rijas \u201cTies\u012bbu zin\u0101tne\u201d sept\u012bt\u0101 gr\u0101mata, kuras pamat\u0101 ir autora Latvijas Universit\u0101t\u0113 sekm\u012bgi aizst\u0101v\u0113tais promocijas darbs. Tas ir pirmais nopietnais zin\u0101tniskais p\u0113t\u012bjums par iesp\u0113ju v\u0113rsties ties\u0101 ar pras\u012bbu atl\u012bdzin\u0101t kait\u0113jumu par prettiesisku likumu.<\/p>\n<p class=\"Parasts\" style=\"text-align: justify\">M\u0101c\u012bba par ties\u012bbu aizsardz\u012bbas l\u012bdzek\u013ciem vispla\u0161\u0101k att\u012bst\u012bjusies un p\u0113t\u012bta civilties\u012bb\u0101s. Ta\u010du priv\u0101tpersonas ties\u012bbas nepamatoti aizskart var ar\u012b valsts, \u012bstenojot valsts varu. Valsts varas akti, ar kuriem var aizskart priv\u0101tpersonas ties\u012bbas, galvenok\u0101rt ir prettiesiski administrat\u012bvie akti, faktisk\u0101 r\u012bc\u012bba, krimin\u0101lprocesu\u0101li l\u0113mumi un tiesu nol\u0113mumi. Ta\u010du, k\u0101 tas pier\u0101d\u012bts \u0161aj\u0101 gr\u0101mat\u0101, ties\u012bbu aizsk\u0101rumu var nodar\u012bt ar\u012b ar prettiesisku likumu.<\/p>\n<p class=\"Parasts\" style=\"text-align: justify\">Autors sniedz l\u012bdz \u0161im piln\u012bg\u0101ko apskatu par ties\u012bbu aizsardz\u012bbas l\u012bdzek\u013ca j\u0113dzienu un t\u0101 funkcij\u0101m. Gr\u0101mat\u0101 pirmo reizi Latvijas ties\u012bbu zin\u0101tn\u0113 ir sniegts piln\u012bgs izkl\u0101sts par\u00a0 priek\u0161noteikumiem, lai atz\u012btu, ka nepamatotu ties\u012bbu aizsk\u0101rumu izrais\u012bjis tie\u0161i likums. T\u0101pat detaliz\u0113ti analiz\u0113tas tiesisk\u0101s sekas faktam, ka Satversmes tiesas proces\u0101 likums atz\u012bts par neatbilsto\u0161u augst\u0101ka juridisk\u0101 sp\u0113ka ties\u012bbu normai, tostarp iesp\u0113ja pras\u012bt zaud\u0113jumu un nemantisk\u0101 kait\u0113juma atl\u012bdzin\u0101jumu. Autors detaliz\u0113ti pamato t\u0113zi par pagaidu aizsardz\u012bbas meh\u0101nismiem k\u0101 nepiecie\u0161amu efekt\u012bva ties\u012bbu aizsardz\u012bbas l\u012bdzek\u013ca elementu un rosina Satversmes tiesas proces\u0101 ieviest jaunu pagaidu ties\u012bbu aizsardz\u012bbas l\u012bdzekli \u2013 likuma darb\u012bbas ierobe\u017eo\u0161anu.<\/p>\n<p style=\"text-align: justify\">Gr\u0101mata b\u016bs noder\u012bga ar\u012b citu ties\u012bbu nozaru p\u0113tniekiem, studentiem, m\u0101c\u012bbsp\u0113kiem, prakti\u0137iem, ikvienam interesentam.<\/p>\n","protected":false},"excerpt":{"rendered":"<p>Monogr\u0101fiju s\u0113rijas \u201cTies\u012bbu zin\u0101tne\u201d sept\u012bt\u0101 gr\u0101mata, kuras pamat\u0101 ir autora Latvijas Universit\u0101t\u0113 sekm\u012bgi aizst\u0101v\u0113tais promocijas darbs. Tas ir pirmais nopietnais zin\u0101tniskais p\u0113t\u012bjums par iesp\u0113ju v\u0113rsties ties\u0101 ar pras\u012bbu atl\u012bdzin\u0101t kait\u0113jumu par prettiesisku likumu. M\u0101c\u012bba par ties\u012bbu aizsardz\u012bbas l\u012bdzek\u013ciem vispla\u0161\u0101k att\u012bst\u012bjusies un p\u0113t\u012bta civilties\u012bb\u0101s. Ta\u010du priv\u0101tpersonas ties\u012bbas nepamatoti aizskart var ar\u012b valsts, \u012bstenojot valsts varu. Valsts [&hellip;]<\/p>\n","protected":false},"featured_media":6436,"comment_status":"open","ping_status":"closed","template":"","meta":[],"product_brand":[],"product_cat":[370],"product_tag":[144],"class_list":{"0":"post-6747","1":"product","2":"type-product","3":"status-publish","4":"has-post-thumbnail","6":"product_cat-gramatas","7":"product_tag-valsts-tiesibas","8":"pa_autors-janis-priekulis","9":"pa_gads-352","10":"pa_izdevejs-latvijas-vestnesis","12":"first","13":"instock","14":"taxable","15":"shipping-taxable","16":"purchasable","17":"product-type-simple"},"aioseo_notices":[],"_links":{"self":[{"href":"https:\/\/juristavards.lv\/veikals\/wp-json\/wp\/v2\/product\/6747","targetHints":{"allow":["GET"]}}],"collection":[{"href":"https:\/\/juristavards.lv\/veikals\/wp-json\/wp\/v2\/product"}],"about":[{"href":"https:\/\/juristavards.lv\/veikals\/wp-json\/wp\/v2\/types\/product"}],"replies":[{"embeddable":true,"href":"https:\/\/juristavards.lv\/veikals\/wp-json\/wp\/v2\/comments?post=6747"}],"wp:featuredmedia":[{"embeddable":true,"href":"https:\/\/juristavards.lv\/veikals\/wp-json\/wp\/v2\/media\/6436"}],"wp:attachment":[{"href":"https:\/\/juristavards.lv\/veikals\/wp-json\/wp\/v2\/media?parent=6747"}],"wp:term":[{"taxonomy":"product_brand","embeddable":true,"href":"https:\/\/juristavards.lv\/veikals\/wp-json\/wp\/v2\/product_brand?post=6747"},{"taxonomy":"product_cat","embeddable":true,"href":"https:\/\/juristavards.lv\/veikals\/wp-json\/wp\/v2\/product_cat?post=6747"},{"taxonomy":"product_tag","embeddable":true,"href":"https:\/\/juristavards.lv\/veikals\/wp-json\/wp\/v2\/product_tag?post=6747"}],"curies":[{"name":"wp","href":"https:\/\/api.w.org\/{rel}","templated":true}]}}