{"id":6749,"date":"2022-02-22T00:19:21","date_gmt":"2022-02-21T22:19:21","guid":{"rendered":"https:\/\/juristavards.lv\/veikals\/produkts\/gunars-astra-pedejais-vards\/"},"modified":"2025-12-31T00:35:43","modified_gmt":"2025-12-30T22:35:43","slug":"gunars-astra-pedejais-vards","status":"publish","type":"product","link":"https:\/\/juristavards.lv\/veikals\/produkts\/gunars-astra-pedejais-vards\/","title":{"rendered":"Gun\u0101rs Astra. P\u0113d\u0113jais v\u0101rds"},"content":{"rendered":"<p>Ofici\u0101lais izdev\u0113js \u201eLatvijas V\u0113stnesis\u201d sadarb\u012bb\u0101 ar Latvijas Okup\u0101cijas muzeju laidis klaj\u0101 gr\u0101matu, kas velt\u012bta slaven\u0101kajai Gun\u0101ra Astras runai \u2013 vi\u0146a p\u0113d\u0113jam v\u0101rdam 1983. gada 15. decembr\u012b Latvijas PSR Augst\u0101kaj\u0101 ties\u0101.<\/p>\n<p>Izdevum\u0101 public\u0113ta \u012bsa G. Astras biogr\u0101fija, v\u0113sturiskais koment\u0101rs un G. Astras runa ar Dr. hist. Ginta Apala skaidrojumiem. Gr\u0101mata ir piec\u0101s valod\u0101s \u2013 latvie\u0161u, ang\u013cu, v\u0101cu, fran\u010du un krievu. Ilustr\u0101cij\u0101m izmantoti Latvijas Okup\u0101cijas muzeja un Leona Astras arh\u012bvu fotoatt\u0113li no G. Astras un vi\u0146a \u0123imenes, kuros G. Astra redzams da\u017e\u0101dos dz\u012bves posmos.<\/p>\n<p style=\"text-align: -webkit-left\">Gr\u0101matas ievadv\u0101rdu autors Latvijas Valsts prezidents Egils Levits uzsver: \u201c30 gadus p\u0113c Latvijas neatkar\u012bbas atjauno\u0161anas Gun\u0101ra Astras p\u0113d\u0113jais v\u0101rds ir j\u0101atz\u012bst par vienu no noz\u012bm\u012bg\u0101kajiem Tre\u0161\u0101s Atmodas notikumiem, kur\u0101 publiski tika atmaskoti okup\u0101cijas varas noziegumi, aizst\u0101v\u0113ta latvie\u0161u n\u0101cijas negroz\u0101m\u0101 valstsgriba un apliecin\u0101ta tiesisk\u0101 p\u0113ctec\u012bba vair\u0101kus gadus pirms Tre\u0161\u0101s Atmodas.\u201d<\/p>\n<p style=\"text-align: -webkit-left\">Tekstu ang\u013cu valod\u0101 tulkojis K\u0101rlis Roberts Freibergs, v\u0101cu valod\u0101 \u2013 M\u0101rcis Gobi\u0146\u0161, fran\u010du valod\u0101 \u2013 Nicolas Auzanneau, krievu valod\u0101 \u2013 Olga Judina. Dizainu veidojis Ints Vikmanis. Idejas autors un projekta vad\u012bt\u0101js \u2013 Arnis \u0160ablovskis. Tulkojums d\u0101v\u0101 iesp\u0113ju apjaust, k\u0101d\u0113\u013c G.Astra un vi\u0146a paveiktais ir tik noz\u012bm\u012bgs latvie\u0161u tautai un Latvijas valsts identit\u0101tei ar\u012b starptautisk\u0101 kontekst\u0101.<\/p>\n","protected":false},"excerpt":{"rendered":"<p>Ofici\u0101lais izdev\u0113js \u201eLatvijas V\u0113stnesis\u201d sadarb\u012bb\u0101 ar Latvijas Okup\u0101cijas muzeju laidis klaj\u0101 gr\u0101matu, kas velt\u012bta slaven\u0101kajai Gun\u0101ra Astras runai \u2013 vi\u0146a p\u0113d\u0113jam v\u0101rdam 1983. gada 15. decembr\u012b Latvijas PSR Augst\u0101kaj\u0101 ties\u0101. Izdevum\u0101 public\u0113ta \u012bsa G. Astras biogr\u0101fija, v\u0113sturiskais koment\u0101rs un G. Astras runa ar Dr. hist. Ginta Apala skaidrojumiem. Gr\u0101mata ir piec\u0101s valod\u0101s \u2013 latvie\u0161u, ang\u013cu, [&hellip;]<\/p>\n","protected":false},"featured_media":6440,"comment_status":"open","ping_status":"closed","template":"","meta":[],"product_brand":[],"product_cat":[370],"product_tag":[140],"class_list":{"0":"post-6749","1":"product","2":"type-product","3":"status-publish","4":"has-post-thumbnail","6":"product_cat-gramatas","7":"product_tag-nejuridiskie-izdevumi","8":"pa_autors-arnis-sablovskis","9":"pa_gads-369","10":"pa_izdevejs-latvijas-vestnesis","12":"first","13":"instock","14":"taxable","15":"shipping-taxable","16":"purchasable","17":"product-type-simple"},"aioseo_notices":[],"_links":{"self":[{"href":"https:\/\/juristavards.lv\/veikals\/wp-json\/wp\/v2\/product\/6749","targetHints":{"allow":["GET"]}}],"collection":[{"href":"https:\/\/juristavards.lv\/veikals\/wp-json\/wp\/v2\/product"}],"about":[{"href":"https:\/\/juristavards.lv\/veikals\/wp-json\/wp\/v2\/types\/product"}],"replies":[{"embeddable":true,"href":"https:\/\/juristavards.lv\/veikals\/wp-json\/wp\/v2\/comments?post=6749"}],"wp:featuredmedia":[{"embeddable":true,"href":"https:\/\/juristavards.lv\/veikals\/wp-json\/wp\/v2\/media\/6440"}],"wp:attachment":[{"href":"https:\/\/juristavards.lv\/veikals\/wp-json\/wp\/v2\/media?parent=6749"}],"wp:term":[{"taxonomy":"product_brand","embeddable":true,"href":"https:\/\/juristavards.lv\/veikals\/wp-json\/wp\/v2\/product_brand?post=6749"},{"taxonomy":"product_cat","embeddable":true,"href":"https:\/\/juristavards.lv\/veikals\/wp-json\/wp\/v2\/product_cat?post=6749"},{"taxonomy":"product_tag","embeddable":true,"href":"https:\/\/juristavards.lv\/veikals\/wp-json\/wp\/v2\/product_tag?post=6749"}],"curies":[{"name":"wp","href":"https:\/\/api.w.org\/{rel}","templated":true}]}}