{"id":6910,"date":"2022-03-15T07:30:15","date_gmt":"2022-03-15T05:30:15","guid":{"rendered":"https:\/\/juristavards.lv\/veikals\/?post_type=product&#038;p=6910"},"modified":"2024-11-21T11:21:52","modified_gmt":"2024-11-21T09:21:52","slug":"15-marts-2022-nr-11-1225","status":"publish","type":"product","link":"https:\/\/juristavards.lv\/veikals\/produkts\/15-marts-2022-nr-11-1225\/","title":{"rendered":"15.marts 2022 \/ Nr.11 (1225)"},"content":{"rendered":"<p style=\"margin: 0cm;margin-bottom: .0001pt;text-indent: 35.45pt;line-height: 150%\"><span lang=\"LV\">\u0160is tematiskais \u201cJurista V\u0101rda\u201d izdevums velt\u012bts lemtsp\u0113j\u0101 ierobe\u017eotu cilv\u0113ku aizsardz\u012bbai.<\/span><\/p>\n<p style=\"margin: 0cm;margin-bottom: .0001pt;text-indent: 35.45pt;line-height: 150%\"><span lang=\"LV\">Pacients, sal\u012bdzinot ar citiem ties\u012bbu subjektiem, ir \u012bpa\u0161i neaizsarg\u0101ts un bie\u017ei vien, atrodoties \u0101rstniec\u012bbas iest\u0101d\u0113, nesadzirdams vai pat neaizsniedzams ties\u012bbu subjekts. Mazs iepretim lielajai \u0101rstniec\u012bbas iest\u0101dei un vesel\u012bbas sist\u0113mai kopum\u0101. Tik mazs un reizumis ar\u012b neredzams, ka bie\u017ei vien ir pak\u013cauts sev garant\u0113to ties\u012bbu ignorancei vai klajai ties\u012bbu un tiesisko intere\u0161u p\u0101rk\u0101p\u0161anai.<\/span><\/p>\n<p style=\"margin: 0cm;margin-bottom: .0001pt;text-indent: 35.45pt;line-height: 150%\"><span lang=\"LV\">Otrpus pacientam vienm\u0113r atrad\u012bsies \u0101rstniec\u012bbas personas, kur\u0101m ik dienu ir ties\u012bbas veikt \u013coti augsta riska darb\u012bbas, kam j\u0101b\u016bt pietiekami kontrol\u0113t\u0101m un dro\u0161\u0101m. Jebkura darb\u012bba vesel\u012bbas apr\u016bp\u0113, ar\u012b p\u0113tniec\u012bb\u0101, j\u0101veic saska\u0146\u0101 ar profesion\u0101l\u0101m pras\u012bb\u0101m un standartiem. \u0160\u012bs darb\u012bbas aptver piln\u012bgi visas medic\u012bnisk\u0101s darb\u012bbas, neskatoties uz to, vai t\u0101s ir diagnostiskas, \u0101rst\u0113\u0161anas, profilaktiskas, rehabilit\u0101cijas vai p\u0113tniec\u012bbas darb\u012bbas. Savuk\u0101rt profesion\u0101lie standarti un noteiktas pras\u012bbas var b\u016bt ietvertas k\u0101 likumos, profesion\u0101los standartos, rakst\u012btos un nerakst\u012btos noteikumos, profesion\u0101l\u0101s \u0113tikas norm\u0101s, t\u0101 ar\u012b citviet. K\u0101 standartiem, t\u0101 ar\u012b noteikt\u0101m pras\u012bb\u0101m j\u0101sp\u0113j garant\u0113t pacienta ties\u012bbas un intereses. \u0100rstam un vesel\u012bbas apr\u016bpes speci\u0101listiem, r\u012bkojoties profesion\u0101l\u0101s br\u012bv\u012bbas ietvaros, nav savu patst\u0101v\u012bgu intere\u0161u, bet tikai ties\u012bbas pied\u0101v\u0101t savu profesion\u0101lo darbu, savuk\u0101rt to veikt dr\u012bkst tikai p\u0113c tam, kad to \u013c\u0101vis pacients. Nav pie\u013caujams, ka pacienta ierobe\u017eoto sp\u0113ju vai invalidit\u0101tes st\u0101voklis tiek izmantots \u013caunpr\u0101t\u012bgi, t\u0101d\u0113\u013c ir nepiecie\u0161ams aizsarg\u0101t ikviena pacienta cie\u0146u un identit\u0101ti bez jebk\u0101das diskrimin\u0101cijas.<\/span><\/p>\n<p style=\"margin: 0cm;margin-bottom: .0001pt;text-indent: 35.45pt;line-height: 150%\"><span lang=\"LV\">Nenoliedzami, v\u0113rt\u0113jot Latvijas vesel\u012bbas apr\u016bpes sist\u0113mas darb\u012bbu, j\u0101\u0146em v\u0113r\u0101 Latvijai pieejamie ierobe\u017eotie finan\u0161u l\u012bdzek\u013ci. Latvijas valsts izdevumi vesel\u012bbas nozar\u0113 ir vieni no zem\u0101kajiem Eiropas Savien\u012bb\u0101, kas iev\u0113rojami ierobe\u017eo resursus vesel\u012bbas nozar\u0113. T\u0101d\u0113\u013c nav p\u0101rsteigums, ka Latvijas vesel\u012bbas sist\u0113m\u0101 netiek labi pild\u012btas pras\u012bbas, piem\u0113ram, par vesel\u012bbas apr\u016bpes kvalit\u0101tes un piek\u013cuves nodro\u0161in\u0101\u0161anu. Vesel\u012bba ir fundament\u0101las cilv\u0113kties\u012bbas, kas ir nepiecie\u0161amas citu cilv\u0113kties\u012bbu \u012bsteno\u0161anai, ikvienam ir ties\u012bbas baud\u012bt visaugst\u0101ko sasniedzamo vesel\u012bbas standartu, kas veicina cilv\u0113ka cie\u0146as aizsardz\u012bbu. T\u0101d\u0113\u013c pacientu ties\u012bbu iev\u0113ro\u0161an\u0101 valstij ir pien\u0101kums izstr\u0101d\u0101t un ieviest t\u0101du tiesisko regul\u0113jumu, kas b\u016btu v\u0113rsts uz cilv\u0113kties\u012bb\u0101s balst\u012btu pieeju pacientu ties\u012bbu aizsardz\u012bb\u0101. \u012apa\u0161i to pacientu, kam piem\u012bt fizisk\u0101s un gar\u012bg\u0101s vesel\u012bbas trauc\u0113jumi. Savuk\u0101rt valstij, nodro\u0161inot ties\u012bbas uz vesel\u012bbas aizsardz\u012bbu, ir j\u0101veic piem\u0113roti likumdo\u0161anas, finansi\u0101lie, tiesas, administrat\u012bvie, veicin\u0101\u0161anas un citi pas\u0101kumi.<\/span><\/p>\n","protected":false},"excerpt":{"rendered":"<p><span data-contrast=\"auto\">Druk\u0101t\u0101 \u017eurn\u0101la pieg\u0101de:\u00a0<\/span><span data-ccp-props=\"{&quot;201341983&quot;:0,&quot;335559739&quot;:160,&quot;335559740&quot;:259}\">\u00a0<\/span><\/p>\n<ul>\n<li data-leveltext=\"\uf0b7\" data-font=\"Symbol\" data-listid=\"2\" data-aria-posinset=\"1\" data-aria-level=\"1\"><span data-contrast=\"auto\">ar OMNIVA vai &#8220;Latvijas Pasts&#8221; (pieg\u0101des izdevumi)<\/span><span data-ccp-props=\"{&quot;134233279&quot;:true,&quot;201341983&quot;:0,&quot;335559739&quot;:160,&quot;335559740&quot;:259}\">\u00a0<\/span><\/li>\n<li data-leveltext=\"\uf0b7\" data-font=\"Symbol\" data-listid=\"2\" data-aria-posinset=\"1\" data-aria-level=\"1\"><span class=\"NormalTextRun SCXW151442062 BCX0\">bez maksas\u00a0 &#8211; \u201cLatvijas V\u0113stne\u0161a\u201d Klientu centr\u0101 Bru\u0146inieku\u00a0<\/span><span class=\"NormalTextRun CommentStart SCXW151442062 BCX0\">41<\/span><span class=\"NormalTextRun SCXW151442062 BCX0\">, R\u012bg\u0101<\/span><\/li>\n<\/ul>\n<p><a title=\"15.marts 2022 \/ Nr.11 (1225)\" href=\"https:\/\/juristavards.lv\/zurnals.php?laidiens_id=12351\" target=\"_blank\" rel=\"noopener\">\u017durn\u0101la digit\u0101l\u0101 versija<\/a><\/p>\n","protected":false},"featured_media":6913,"comment_status":"open","ping_status":"closed","template":"","meta":[],"product_brand":[],"product_cat":[362],"product_tag":[],"class_list":{"0":"post-6910","1":"product","2":"type-product","3":"status-publish","4":"has-post-thumbnail","6":"product_cat-zurnali-tematiskie","8":"first","9":"instock","10":"taxable","11":"shipping-taxable","12":"purchasable","13":"product-type-simple"},"aioseo_notices":[],"_links":{"self":[{"href":"https:\/\/juristavards.lv\/veikals\/wp-json\/wp\/v2\/product\/6910","targetHints":{"allow":["GET"]}}],"collection":[{"href":"https:\/\/juristavards.lv\/veikals\/wp-json\/wp\/v2\/product"}],"about":[{"href":"https:\/\/juristavards.lv\/veikals\/wp-json\/wp\/v2\/types\/product"}],"replies":[{"embeddable":true,"href":"https:\/\/juristavards.lv\/veikals\/wp-json\/wp\/v2\/comments?post=6910"}],"wp:featuredmedia":[{"embeddable":true,"href":"https:\/\/juristavards.lv\/veikals\/wp-json\/wp\/v2\/media\/6913"}],"wp:attachment":[{"href":"https:\/\/juristavards.lv\/veikals\/wp-json\/wp\/v2\/media?parent=6910"}],"wp:term":[{"taxonomy":"product_brand","embeddable":true,"href":"https:\/\/juristavards.lv\/veikals\/wp-json\/wp\/v2\/product_brand?post=6910"},{"taxonomy":"product_cat","embeddable":true,"href":"https:\/\/juristavards.lv\/veikals\/wp-json\/wp\/v2\/product_cat?post=6910"},{"taxonomy":"product_tag","embeddable":true,"href":"https:\/\/juristavards.lv\/veikals\/wp-json\/wp\/v2\/product_tag?post=6910"}],"curies":[{"name":"wp","href":"https:\/\/api.w.org\/{rel}","templated":true}]}}