{"id":7291,"date":"2022-06-21T07:30:29","date_gmt":"2022-06-21T04:30:29","guid":{"rendered":"https:\/\/juristavards.lv\/veikals\/?post_type=product&#038;p=7291"},"modified":"2025-10-09T10:32:29","modified_gmt":"2025-10-09T07:32:29","slug":"21-junijs-2022-nr-25-26-1239-1240","status":"publish","type":"product","link":"https:\/\/juristavards.lv\/veikals\/produkts\/21-junijs-2022-nr-25-26-1239-1240\/","title":{"rendered":"21.j\u016bnijs 2022 \/ Nr.25\/26 (1239\/1240)"},"content":{"rendered":"<p>Covid-19 pand\u0113mija to aizs\u0101ka, bet Krievijas iebrukums un tam sekojo\u0161\u0101s zv\u0113r\u012bbas Ukrain\u0101 un b\u0113g\u013cu pl\u016bsma naida runas un naida noziegumu j\u0113dzieniem Latvij\u0101 ir pie\u0161\u0137\u012bru\u0161as jaunu dimensiju k\u0101 sadz\u012bvisk\u0101s sarun\u0101s, t\u0101 profesion\u0101l\u0101s diskusij\u0101s. Var\u0113tu pat apgalvot, ka Latvijas ties\u012bbu piem\u0113rot\u0101ji nekad iepriek\u0161 tik \u013coti k\u0101 \u0161obr\u012bd nav biju\u0161i nodarbin\u0101ti ar teor\u0113tiskiem un praktiskiem jaut\u0101jumiem par naida noziegumiem un runu. Ta\u010du attiec\u012bb\u0101 uz naida noziegumiem un naida runu vienpr\u0101t\u012bbas nav ar\u012b starp juristiem un ties\u012bbu piem\u0113rot\u0101jiem. Publisk\u0101s diskusijas par konkr\u0113tiem notikumiem, iest\u0101\u017eu r\u012bc\u012bbu vai l\u0113mumiem uzskat\u0101mi atspogu\u013co, ka viedok\u013ci un situ\u0101cijas nov\u0113rt\u0113jums \u013coti dal\u0101s pat starp ties\u012bbu lietprat\u0113jiem. \u0160\u012bs viedok\u013cu at\u0161\u0137ir\u012bbas, iesp\u0113jams, past\u0101v ar\u012b t\u0101d\u0113\u013c, ka l\u012bdz \u0161im nacion\u0101laj\u0101s ties\u012bb\u0101s, sabiedr\u012bb\u0101 un juristu kopien\u0101 tom\u0113r nav uzkr\u0101tas pien\u0101c\u012bgas zin\u0101\u0161anas, vienveid\u012bga izpratne un prakse naida runas un noziegumu jom\u0101 (starptautisk\u0101s ties\u012bbas nodala j\u0113dzienus &#8220;naida noziegums&#8221; un &#8220;naida runa&#8221;). K\u0101 izriet no \u0161aj\u0101 \u017eurn\u0101l\u0101 public\u0113tajiem rakstiem, naida runas un noziegumu identific\u0113\u0161ana un sod\u012b\u0161ana praks\u0113 Latvij\u0101 ir probl\u0113ma.<\/p>\n<p>T\u0101p\u0113c, lai apzin\u0101tu \u0161\u012bs probl\u0113mas m\u0113rogu un s\u0101ktu to \u0161\u0137etin\u0101t cer\u012bb\u0101 uz pla\u0161\u0101ku diskusiju, ir tapis \u0161is tematiskais izdevums, kas piln\u012bb\u0101 velt\u012bts t\u0113mai par naida runu un naida noziegumiem. T\u0101 satura sagatavo\u0161an\u0101 ir l\u012bdzdarbojies iev\u0113rojams autoru kolekt\u012bvs, tai skait\u0101 pal\u016bkojoties uz t\u0113mu starpdisciplin\u0101ri, teor\u0113tiski un praktiski. \u0160oreiz tam ir \u012bpa\u0161a noz\u012bme, jo j\u0113dzieni &#8220;naida runa&#8221; un &#8220;naida noziegums&#8221; Latvijas tiesiskaj\u0101 regul\u0113jum\u0101 tie\u0161\u0101 tekst\u0101 nav atrodami, un tie ir <i>j\u0101ielasa<\/i> taj\u0101s norm\u0101s, k\u0101das mums ir. Lai tas b\u016btu sekm\u012bgi, ir j\u0101b\u016bt atbilsto\u0161\u0101m zin\u0101\u0161an\u0101m par t\u0113mas galvenajiem jaut\u0101jumiem: kas visp\u0101r ir naids un kas var b\u016bt t\u0101 adres\u0101ts, lai run\u0101tu par juridisko atbild\u012bbu; k\u0101 naids izpau\u017eas un k\u0101 to atpaz\u012bt; kad persona \u012bsteno savas v\u0101rda br\u012bv\u012bbas ties\u012bbas, pat ja t\u0101s paustais viedoklis ir \u012bpa\u0161i kritisks un nepat\u012bkams, un kad ar \u0161o izteikumu ir p\u0101rk\u0101pta robe\u017ea, k\u013c\u016bstot par klaju naida runu; kad ir pamats atz\u012bt \u2013 noticis naida noziegums, bet kad \u2013 tikai hulig\u0101nisms, z\u0101dz\u012bba vai t\u012b\u0161a sve\u0161as mantas boj\u0101\u0161ana; k\u0101 \u0161os nodar\u012bjumus kvalific\u0113t, izmekl\u0113t un k\u0101ds sods vain\u012bgajam pien\u0101ktos, lai b\u016btu sasniegts soda m\u0113r\u0137is; un vai m\u016bsu tiesiskais regul\u0113jums visp\u0101r \u013cauj pan\u0101kt, ka itin visos gad\u012bjumos, kur naids ir kl\u0101teso\u0161s, sods ir neizb\u0113gams.<\/p>\n<p>\u0160ie nosauktie un v\u0113l citi jaut\u0101jumi ir skarti \u0161\u012b izdevuma vienpadsmit publik\u0101cij\u0101s, un piln\u012bg\u0101kam priek\u0161statam par t\u0113mu \u0161oreiz t\u0101s noteikti ir savstarp\u0113ji papildino\u0161as. Atsevi\u0161\u0137i aspekti atk\u0101rtojas, ta\u010du v\u0113r\u012bg\u0101ks las\u012bt\u0101js tajos paman\u012bs ar\u012b at\u0161\u0137ir\u012bgo. \u0160is izdevums joproj\u0101m nesniedz visas atbildes, un t\u0101s noteikti nav diskusijas beigas. Tas ir tikai s\u0101kums, jo, iepaz\u012bstoties ar \u0161o publik\u0101ciju kopumu, rodas p\u0101rdomas, ka pats naida j\u0113dziens ir daudz p\u0113t\u012bts un analiz\u0113ts no da\u017e\u0101diem skatpunktiem, ta\u010du probl\u0113mas rodas ties\u012bbu piem\u0113ro\u0161anas jom\u0101 jeb sp\u0113j\u0101 konkr\u0113t\u0101 notikum\u0101 identific\u0113t tie\u0161i naida kl\u0101tesam\u012bbu, no k\u0101 savuk\u0101rt sec\u012bgi izriet pareizs situ\u0101cijas nov\u0113rt\u0113jums un nodar\u012bjuma kvalifik\u0101cija. T\u0101d\u0113\u013c cerams, ka \u0161is tematiskais izdevums b\u016bs noder\u012bgs avots, m\u0113\u0123inot lab\u0101k izprast t\u0113mu par naidu un ties\u012bb\u0101m.<\/p>\n","protected":false},"excerpt":{"rendered":"<p><span data-contrast=\"auto\">Druk\u0101t\u0101 \u017eurn\u0101la pieg\u0101de:\u00a0<\/span><span data-ccp-props=\"{&quot;201341983&quot;:0,&quot;335559739&quot;:160,&quot;335559740&quot;:259}\">\u00a0<\/span><\/p>\n<ul>\n<li data-leveltext=\"\uf0b7\" data-font=\"Symbol\" data-listid=\"2\" data-aria-posinset=\"1\" data-aria-level=\"1\"><span data-contrast=\"auto\">ar OMNIVA vai &#8220;Latvijas Pasts&#8221; (pieg\u0101des izdevumi)<\/span><span data-ccp-props=\"{&quot;134233279&quot;:true,&quot;201341983&quot;:0,&quot;335559739&quot;:160,&quot;335559740&quot;:259}\">\u00a0<\/span><\/li>\n<li data-leveltext=\"\uf0b7\" data-font=\"Symbol\" data-listid=\"2\" data-aria-posinset=\"1\" data-aria-level=\"1\"><span class=\"NormalTextRun SCXW151442062 BCX0\">bez maksas\u00a0 &#8211; \u201cLatvijas V\u0113stne\u0161a\u201d Klientu centr\u0101 Bru\u0146inieku\u00a0<\/span><span class=\"NormalTextRun CommentStart SCXW151442062 BCX0\">41<\/span><span class=\"NormalTextRun SCXW151442062 BCX0\">, R\u012bg\u0101<\/span><\/li>\n<\/ul>\n<p><a title=\"21.j\u016bnijs 2022 \/ Nr.25\/26 (1239\/1240)\" href=\"https:\/\/juristavards.lv\/zurnals.php?laidiens_id=12365\" target=\"_blank\" rel=\"noopener\">\u017durn\u0101la digit\u0101l\u0101 versija<\/a><\/p>\n","protected":false},"featured_media":7292,"comment_status":"open","ping_status":"closed","template":"","meta":[],"product_brand":[],"product_cat":[362,361],"product_tag":[],"class_list":{"0":"post-7291","1":"product","2":"type-product","3":"status-publish","4":"has-post-thumbnail","6":"product_cat-zurnali-tematiskie","7":"product_cat-zurnali","9":"first","10":"instock","11":"taxable","12":"shipping-taxable","13":"purchasable","14":"product-type-simple"},"aioseo_notices":[],"_links":{"self":[{"href":"https:\/\/juristavards.lv\/veikals\/wp-json\/wp\/v2\/product\/7291","targetHints":{"allow":["GET"]}}],"collection":[{"href":"https:\/\/juristavards.lv\/veikals\/wp-json\/wp\/v2\/product"}],"about":[{"href":"https:\/\/juristavards.lv\/veikals\/wp-json\/wp\/v2\/types\/product"}],"replies":[{"embeddable":true,"href":"https:\/\/juristavards.lv\/veikals\/wp-json\/wp\/v2\/comments?post=7291"}],"wp:featuredmedia":[{"embeddable":true,"href":"https:\/\/juristavards.lv\/veikals\/wp-json\/wp\/v2\/media\/7292"}],"wp:attachment":[{"href":"https:\/\/juristavards.lv\/veikals\/wp-json\/wp\/v2\/media?parent=7291"}],"wp:term":[{"taxonomy":"product_brand","embeddable":true,"href":"https:\/\/juristavards.lv\/veikals\/wp-json\/wp\/v2\/product_brand?post=7291"},{"taxonomy":"product_cat","embeddable":true,"href":"https:\/\/juristavards.lv\/veikals\/wp-json\/wp\/v2\/product_cat?post=7291"},{"taxonomy":"product_tag","embeddable":true,"href":"https:\/\/juristavards.lv\/veikals\/wp-json\/wp\/v2\/product_tag?post=7291"}],"curies":[{"name":"wp","href":"https:\/\/api.w.org\/{rel}","templated":true}]}}