{"id":7366,"date":"2022-07-19T07:30:15","date_gmt":"2022-07-19T04:30:15","guid":{"rendered":"https:\/\/juristavards.lv\/veikals\/?post_type=product&#038;p=7366"},"modified":"2024-11-21T11:56:46","modified_gmt":"2024-11-21T09:56:46","slug":"19-julijs-2022-nr-29-1243","status":"publish","type":"product","link":"https:\/\/juristavards.lv\/veikals\/produkts\/19-julijs-2022-nr-29-1243\/","title":{"rendered":"19.j\u016blijs 2022 \/ Nr.29 (1243)"},"content":{"rendered":"<p>&#8220;Jurista V\u0101rda&#8221; un R\u012bgas Stradi\u0146a universit\u0101tes Juridisk\u0101s fakult\u0101tes sadarb\u012bbas ietvaros ir sagatavots tematiskais izdevums &#8220;Soci\u0101l\u0101s un finan\u0161u dro\u0161\u012bbas ties\u012bbu aspekti&#8221;. T\u0101d\u0113j\u0101di pirmo reizi visi tematisk\u0101 numura autori ir R\u012bgas Stradi\u0146a universit\u0101tes m\u0101c\u012bbsp\u0113ki, kuri publik\u0101cij\u0101s analiz\u0113 dro\u0161\u012bbas tiesiskos aspektus no da\u017e\u0101d\u0101m poz\u012bcij\u0101m, kas skar vair\u0101kas ties\u012bbu nozares.<\/p>\n<p>T\u0101, piem\u0113ram, <strong> Uldis \u0136inis<\/strong> publik\u0101cij\u0101 no <em>ad litem<\/em> biju\u0161\u0101 tiesne\u0161a skatpunkta apl\u016bko lietas <em>Prosecutor v Gotovina et all<\/em> ties\u0101\u0161anas laik\u0101 ieg\u016bto pieredzi un izvirza vair\u0101kas probl\u0113mas, ar kur\u0101m b\u016bs j\u0101saskaras, veidojot jaunu starptautisku tiesu instit\u016bciju par Ukrainas teritorij\u0101 izdar\u012bto kara un noziegumu pret cilv\u0113ci izmekl\u0113\u0161anu un izties\u0101\u0161anu.<\/p>\n<p><strong>J\u0101nis Grasis<\/strong> sav\u0101 rakst\u0101 apskata miera un dro\u0161\u012bbas starptautiski tiesiskos aspektus p\u0113c Krievijas iebrukuma Ukrain\u0101, savuk\u0101rt <strong>Kitija Bite<\/strong> un <strong>Lidija Rozent\u0101le<\/strong> apl\u016bko jaut\u0101jumu par administrat\u012bvo procesu iest\u0101d\u0113 akad\u0113misk\u0101s \u0161\u0137\u012br\u0113jtiesas kontekst\u0101.<\/p>\n<p>T\u0101l\u0101k <strong>Inga Kudeikina<\/strong> un <strong>Karina Palkova<\/strong> skaidro, ka est\u0113tiskajai medic\u012bnai piem\u012bt gan \u0101rstniec\u012bbas, gan pakalpojuma iez\u012bmes. Est\u0113tisk\u0101s medic\u012bnas faktiskais un tiesiskais statuss ir nenoteikts, tas negat\u012bvi ietekm\u0113 to personu ties\u012bbas, kas v\u0113las vai sa\u0146em est\u0113tisk\u0101s medic\u012bnas pakalpojumus. Nepilngad\u012bgajiem nav liegta \u0161\u0101du pakalpojumu sa\u0146em\u0161ana, bet nenoregul\u0113t\u0101s pakalpojuma sa\u0146em\u0161anas k\u0101rt\u012bbas d\u0113\u013c t\u0101 ir apgr\u016btin\u0101ta.<\/p>\n<p><strong>Aldis Lieljuksis<\/strong>, apskatot operat\u012bv\u0101s darb\u012bbas jaut\u0101jumus, v\u0113r\u0161 uzman\u012bbu uz to, ka pa\u0161reiz\u0113jais tiesiskais regul\u0113jums neparedz speci\u0101lo radiol\u012bdzek\u013cu izmanto\u0161anu operat\u012bv\u0101s darb\u012bbas pas\u0101kumu un policijas oper\u0101ciju \u012bsteno\u0161an\u0101 un tas b\u016btu steidzami nov\u0113r\u0161ams.<\/p>\n<p><strong>J\u0101nis Baumanis<\/strong> sniedz ieskatu noziedz\u012bgi ieg\u016btu l\u012bdzek\u013cu legaliz\u0113\u0161anas kvalifik\u0101cijas jaut\u0101jumos. Rakst\u0101 tiek min\u0113ti un analiz\u0113ti da\u017e\u0101di piem\u0113ri. Viens no autora secin\u0101jumiem: viss k\u013c\u016bst sare\u017e\u0123\u012bt\u0101ks, kad predikat\u012bvais noziedz\u012bgais nodar\u012bjums un noziedz\u012bgi ieg\u016btu l\u012bdzek\u013cu legaliz\u0113\u0161ana tiek turpin\u0101ta ilgsto\u0161i, proti, legaliz\u0113jot noziedz\u012bgi ieg\u016btus l\u012bdzek\u013cus, atkal tiek izdar\u012bts predikat\u012bvs noziedz\u012bgs nodar\u012bjums, veidojot sava veida karuseli. Visbeidzot, <strong>Andrejs Vilks<\/strong> un <strong>Valdis Voins<\/strong> rakst\u0101 par jaun\u0101kaj\u0101m tehnolo\u0123ij\u0101m krimin\u0101lo aktivit\u0101\u0161u kontekst\u0101 nor\u0101da, ka krimin\u0101lie grup\u0113jumi vispla\u0161\u0101k\u0101s iesp\u0113jas inovat\u012bv\u0101m pieej\u0101m noziedz\u012bgu nodar\u012bjumu ieceru veido\u0161an\u0101, pl\u0101no\u0161an\u0101 un \u012bsteno\u0161an\u0101 g\u016bst no interneta resursiem. Viena no p\u0113d\u0113j\u0101m, daudz\u0113j\u0101d\u0101 zi\u0146\u0101 perspekt\u012bv\u0101m tehnolo\u0123ij\u0101m ir interneta digit\u0101l\u0101 platforma metaverse.<\/p>\n","protected":false},"excerpt":{"rendered":"<p><span data-contrast=\"auto\">Druk\u0101t\u0101 \u017eurn\u0101la pieg\u0101de:\u00a0<\/span><span data-ccp-props=\"{&quot;201341983&quot;:0,&quot;335559739&quot;:160,&quot;335559740&quot;:259}\">\u00a0<\/span><\/p>\n<ul>\n<li data-leveltext=\"\uf0b7\" data-font=\"Symbol\" data-listid=\"2\" data-aria-posinset=\"1\" data-aria-level=\"1\"><span data-contrast=\"auto\">ar OMNIVA vai &#8220;Latvijas Pasts&#8221; (pieg\u0101des izdevumi)<\/span><span data-ccp-props=\"{&quot;134233279&quot;:true,&quot;201341983&quot;:0,&quot;335559739&quot;:160,&quot;335559740&quot;:259}\">\u00a0<\/span><\/li>\n<li data-leveltext=\"\uf0b7\" data-font=\"Symbol\" data-listid=\"2\" data-aria-posinset=\"1\" data-aria-level=\"1\"><span class=\"NormalTextRun SCXW151442062 BCX0\">bez maksas\u00a0 &#8211; \u201cLatvijas V\u0113stne\u0161a\u201d Klientu centr\u0101 Bru\u0146inieku\u00a0<\/span><span class=\"NormalTextRun CommentStart SCXW151442062 BCX0\">41<\/span><span class=\"NormalTextRun SCXW151442062 BCX0\">, R\u012bg\u0101<\/span><\/li>\n<\/ul>\n<p><a title=\"19.j\u016blijs 2022 \/ Nr.29 (1243)\" href=\"https:\/\/juristavards.lv\/zurnals.php?laidiens_id=12368\" target=\"_blank\" rel=\"noopener\">\u017durn\u0101la digit\u0101l\u0101 versija<\/a><\/p>\n","protected":false},"featured_media":7367,"comment_status":"open","ping_status":"closed","template":"","meta":[],"product_brand":[],"product_cat":[362,361],"product_tag":[],"class_list":{"0":"post-7366","1":"product","2":"type-product","3":"status-publish","4":"has-post-thumbnail","6":"product_cat-zurnali-tematiskie","7":"product_cat-zurnali","9":"first","10":"instock","11":"taxable","12":"shipping-taxable","13":"purchasable","14":"product-type-simple"},"aioseo_notices":[],"_links":{"self":[{"href":"https:\/\/juristavards.lv\/veikals\/wp-json\/wp\/v2\/product\/7366","targetHints":{"allow":["GET"]}}],"collection":[{"href":"https:\/\/juristavards.lv\/veikals\/wp-json\/wp\/v2\/product"}],"about":[{"href":"https:\/\/juristavards.lv\/veikals\/wp-json\/wp\/v2\/types\/product"}],"replies":[{"embeddable":true,"href":"https:\/\/juristavards.lv\/veikals\/wp-json\/wp\/v2\/comments?post=7366"}],"wp:featuredmedia":[{"embeddable":true,"href":"https:\/\/juristavards.lv\/veikals\/wp-json\/wp\/v2\/media\/7367"}],"wp:attachment":[{"href":"https:\/\/juristavards.lv\/veikals\/wp-json\/wp\/v2\/media?parent=7366"}],"wp:term":[{"taxonomy":"product_brand","embeddable":true,"href":"https:\/\/juristavards.lv\/veikals\/wp-json\/wp\/v2\/product_brand?post=7366"},{"taxonomy":"product_cat","embeddable":true,"href":"https:\/\/juristavards.lv\/veikals\/wp-json\/wp\/v2\/product_cat?post=7366"},{"taxonomy":"product_tag","embeddable":true,"href":"https:\/\/juristavards.lv\/veikals\/wp-json\/wp\/v2\/product_tag?post=7366"}],"curies":[{"name":"wp","href":"https:\/\/api.w.org\/{rel}","templated":true}]}}