{"id":7817,"date":"2022-10-25T05:00:17","date_gmt":"2022-10-25T02:00:17","guid":{"rendered":"https:\/\/juristavards.lv\/veikals\/?post_type=product&#038;p=7817"},"modified":"2026-03-25T16:29:23","modified_gmt":"2026-03-25T14:29:23","slug":"25-oktobris-2022-nr-43-44-1257-1258","status":"publish","type":"product","link":"https:\/\/juristavards.lv\/veikals\/produkts\/25-oktobris-2022-nr-43-44-1257-1258\/","title":{"rendered":"25.oktobris 2022 \/ Nr.43\/44 (1257\/1258)"},"content":{"rendered":"<p class=\"x_ContentPasted0\">\u0160aj\u0101 gr\u0101mat\u017eurn\u0101l\u0101 <span class=\"x_ContentPasted0\">&#8220;Konkurences ties\u012bbas m\u016bsdienu tirgus ekonomik\u0101&#8221; <\/span>ir public\u0113ti piecpadsmit raksti par da\u017e\u0101d\u0101m konkurences ties\u012bbu t\u0113m\u0101m, aptverot gan jaut\u0101jumus par konkurences ties\u012bbu b\u016bt\u012bbu un m\u0113r\u0137iem, lietu izp\u0113tes procesu\u0101lajiem jaut\u0101jumiem, apvieno\u0161an\u0101s kontroli, konkurences uzraudz\u012bbu digit\u0101lajos tirgos, karte\u013ciem un cit\u0101m tirgus dal\u012bbnieku vieno\u0161an\u0101m, domin\u0113jo\u0161\u0101 st\u0101vok\u013ca \u013caunpr\u0101t\u012bgu izmanto\u0161anu, valsts atbalstu, k\u0101 ar\u012b zaud\u0113jumu atl\u012bdz\u012bbu konkurences ties\u012bbu p\u0101rk\u0101pumu gad\u012bjum\u0101. Gr\u0101mat\u017eurn\u0101l\u0101 ietvertie raksti neaptver visus konkurences ties\u012bbu aktu\u0101los jaut\u0101jumus, ta\u010du vienlaikus tas ir viens no l\u012bdz \u0161im pla\u0161\u0101kajiem juridisk\u0101s zin\u0101tnes avotiem latvie\u0161u valod\u0101 par konkurences ties\u012bbu jaut\u0101jumiem.<\/p>\n<p class=\"x_ContentPasted0\">Gr\u0101mat\u017eurn\u0101lu ies\u0101k El\u012bza Sili\u0146a ar rakstu, kur\u0101 apl\u016bko Eiropas Savien\u012bbas konkurences ties\u012bbu cie\u0161o saikni ar Eiropas Savien\u012bbas vienot\u0101 tirgus m\u0113r\u0137i, \u0161aj\u0101 kontekst\u0101 ilustr\u0113jot gan Eiropas Savien\u012bbas konkurences ties\u012bbu b\u016bt\u012bbu, gan ar\u012b at\u0161\u0137ir\u012bbas no Amerikas Savienoto Valstu konkurences ties\u012bb\u0101m.<\/p>\n<p class=\"x_ContentPasted0\">K\u0101 n\u0101kamais \u0161aj\u0101 numur\u0101 ir public\u0113ts El\u012bzas Roshofas raksts, sniedzot ieskatu jaut\u0101jum\u0101 par vienu no m\u016bsdienu konkurences ties\u012bbu liel\u0101kajiem izaicin\u0101jumiem \u2013 regul\u0113jumu konkurences attiec\u012bb\u0101m digit\u0101laj\u0101 vid\u0113, galveno uzman\u012bbu veltot tie\u0161i tirgus varas noteik\u0161anas un konkr\u0113t\u0101 tirgus defin\u0113\u0161anas jaut\u0101jumiem.<\/p>\n<p class=\"x_ContentPasted0\">Izp\u0113ti jaut\u0101jum\u0101 par regul\u0113jumu konkurences attiec\u012bb\u0101m digit\u0101laj\u0101 vid\u0113 turpina ar\u012b Patr\u012bcija Bodniece, piev\u0113r\u0161ot uzman\u012bbu tie\u0161i tehnolo\u0123iju milzuz\u0146\u0113mumu \u2013 <i class=\"x_ContentPasted0\">Meta (Facebook)<\/i>, <i class=\"x_ContentPasted0\">Alphabet (Google)<\/i>, <i class=\"x_ContentPasted0\">Amazon<\/i>, <i class=\"x_ContentPasted0\">Apple<\/i> un <i class=\"x_ContentPasted0\">Microsoft<\/i> \u012bstenotajiem apvieno\u0161an\u0101s dar\u012bjumiem un to sakar\u0101 izrieto\u0161ajiem secin\u0101jumiem.<\/p>\n<p class=\"x_ContentPasted0\">Apvieno\u0161an\u0101s kontroles jaut\u0101jumu apskatu turpina Art\u016brs Sp\u012bgulis. Vi\u0146a raksts pelna \u012bpa\u0161u iev\u0113r\u012bbu t\u0101 iemesla d\u0113\u013c, ka rakst\u0101 tiek analiz\u0113tas laul\u0101to mantisko attiec\u012bbu un kapit\u0101lsabiedr\u012bbas dal\u012bbnieku iz\u0161\u0137iro\u0161\u0101s ietekmes sakar\u012bbas un attiec\u012bgi noz\u012bme jaut\u0101jum\u0101 par apvieno\u0161an\u0101s kontroles regul\u0113juma piem\u0113ro\u0161anu.<\/p>\n<p class=\"x_ContentPasted0\">\u012apa\u0161u iev\u0113r\u012bbu pelna un pat sav\u0101 zi\u0146\u0101 unik\u0101ls ir sekojo\u0161ais Samantas Lideres raksts, kur\u0101 autore analiz\u0113 tirgus dal\u012bbnieku nol\u012bgumu par darbinieku p\u0101rvilin\u0101\u0161anas aizliegumu pretrunu konkurences ties\u012bb\u0101m un to, ka \u0161\u0101ds nol\u012bgums b\u016bt\u012bb\u0101 ir uzskat\u0101ms par aizliegtu horizont\u0101lu vieno\u0161anos jeb karteli. \u0160\u0137iet, ka \u0161is raksts ir pirmais p\u0113t\u012bjums par \u0161o jaut\u0101jumu latvie\u0161u valod\u0101.<\/p>\n<p class=\"x_ContentPasted0\">Gr\u0101mat\u017eurn\u0101la turpin\u0101jum\u0101 seko divi rak\u00adsti par domin\u0113jo\u0161\u0101 st\u0101vok\u013ca \u013caunpr\u0101t\u012bgas izmanto\u0161anas v\u0113rt\u0113juma jaut\u0101jumiem.<\/p>\n<p class=\"x_ContentPasted0\">Balstoties uz judikat\u016bru, tai skait\u0101 Eiropas Savien\u012bbas Visp\u0101r\u0113j\u0101s tiesas un Eiropas Savien\u012bbas Tiesas nesenajiem spriedumiem liet\u0101s <i class=\"x_ContentPasted0\">Intel\/Komisija<\/i> un <i class=\"x_ContentPasted0\">Servizio Elettrico Nazionale<\/i>, Esmeralda Balode-Buraka analiz\u0113 jaut\u0101jumu par liet\u0101s par iesp\u0113jamu domin\u0113jo\u0161a st\u0101vok\u013ca \u013caunpr\u0101t\u012bgu izmanto\u0161anu piem\u0113rojamo pier\u0101d\u012b\u0161anas standartu, k\u0101 ar\u012b noz\u012bmi v\u0113rt\u0113jam\u0101s r\u012bc\u012bbas ietekmei uz tirgu. Konkr\u0113t\u0101s liet\u0101s \u0161ie jaut\u0101jumi reiz\u0113m var iz\u0161\u0137irt lietas izn\u0101kumu, nosakot, vai v\u0113rt\u0113jam\u0101 r\u012bc\u012bb\u0101 ir konstat\u0113jamas p\u0101rk\u0101puma paz\u012bmes.<\/p>\n<p class=\"x_ContentPasted0\">Savuk\u0101rt J\u0101nis Po\u010ds analiz\u0113 kolekt\u012bv\u0101 domin\u0113jo\u0161\u0101 st\u0101vok\u013ca v\u0113rt\u0113\u0161anas problem\u0101tiku. Lai ar\u012b lietas saist\u012bb\u0101 ar kolekt\u012bv\u0101 domin\u0113jo\u0161\u0101 st\u0101vok\u013ca iesp\u0113jamu \u013caunpr\u0101t\u012bgu izmanto\u0161anu ir sal\u012bdzino\u0161i retas, autors piev\u0113r\u0161 uzman\u012bbu ar\u012b l\u012bdz\u0161in\u0113jai Latvijas Konkurences padomes pieejai \u0161aj\u0101 jaut\u0101jum\u0101, nor\u0101dot ar\u012b \u0161\u012bs pieejas diskutablos aspektus.<\/p>\n<p class=\"x_ContentPasted0\">Gr\u0101mat\u017eurn\u0101la turpin\u0101jum\u0101 vair\u0101ki raksti velt\u012bti jaut\u0101jumiem, kas saist\u012bti ar zaud\u0113jumu atl\u012bdz\u012bbu konkurences ties\u012bbu p\u0101rk\u0101pumu gad\u012bjumos.<\/p>\n<p class=\"x_ContentPasted0\">Mat\u012bss Dzelve skaidro Konkurences padomes lomu jaut\u0101jumos, kas saist\u012bti ar min\u0113to zaud\u0113jumu atl\u012bdzin\u0101\u0161anu, un izstr\u0101d\u0101to metodisko materi\u0101lu. T\u0101l\u0101k seko Laura Rasna\u010da raksts par c\u0113lo\u0146sakar\u012bbas v\u0113rt\u0113juma aspektiem, skaidrojot da\u017eas eso\u0161\u0101s pieejas c\u0113lo\u0146sakar\u012bbas v\u0113rt\u0113jum\u0101, k\u0101 ar\u012b uzsverot nepiecie\u0161am\u012bbu nodro\u0161in\u0101t ekonomiski re\u0101listisku konkurences attiec\u012bbu regul\u0113jumu ar\u012b jaut\u0101jumos par zaud\u0113jumu atl\u012bdz\u012bbu, kas saist\u012bta ar konkurences ties\u012bbu p\u0101rk\u0101pumiem.<\/p>\n<p class=\"x_ContentPasted0\">Art\u016brs Punculis analiz\u0113 netie\u0161\u0101 pirc\u0113ja ties\u012bbas pras\u012bt zaud\u0113jumu atl\u012bdz\u012bbu b\u016bvnieku karte\u013ca liet\u0101s. \u0160is raksts ir iez\u012bm\u012bgs ne vien t\u0101p\u0113c, ka saist\u012bts ar pla\u0161u sabiedrisko rezonansi izrais\u012bju\u0161o t\u0101 saukto b\u016bvnieku karte\u013ca lietu, bet ar\u012b ar apst\u0101kli, ka tas apl\u016bko un akcent\u0113, ka konkurences ties\u012bbu p\u0101rk\u0101puma gad\u012bjumos ties\u012bbas pras\u012bt zaud\u0113jumu atl\u012bdz\u012bbu ir ar\u012b t\u0101 sauktajiem netie\u0161ajiem pirc\u0113jiem.<\/p>\n<p class=\"x_ContentPasted0\">Art\u016brs Valters Freibergs apl\u016bko noilgumu zaud\u0113jumu atl\u012bdz\u012bbas pras\u012bb\u0101m saist\u012bb\u0101 ar konkurences ties\u012bbu p\u0101rk\u0101pumiem. Uzman\u012bbu pelna autora veikt\u0101 \u0161\u012b jaut\u0101juma anal\u012bze, sal\u012bdzinot Latvijas un V\u0101cijas tiesisko regul\u0113jumu, k\u0101 ar\u012b priek\u0161likumi ietvert Latvijas ties\u012bb\u0101s normas, kas preciz\u0113tu noilguma termi\u0146a ilgumu, k\u0101 ar\u012b noilguma termi\u0146a tec\u0113juma s\u0101kumu.<\/p>\n<p class=\"x_ContentPasted0\">P\u0113c \u0161iem rakstiem, kas velt\u012bti zaud\u0113jumu atl\u012bdz\u012bbas jaut\u0101jumiem, seko Deboras P\u0101vilas un Di\u0101nas Adamovi\u010das raksts, kur\u0101 apl\u016bkota izsl\u0113g\u0161ana no publisko iepirkumu proced\u016bras uz aizdomu pamata par dal\u012bbu kartel\u012b. Rakst\u0101 tiek apl\u016bkota problem\u0101tika saist\u012bb\u0101 ar Publisko iepirkumu likuma groz\u012bjumiem, kas st\u0101sies sp\u0113k\u0101 2023. gada 1. janv\u0101r\u012b un paredz\u0113s pas\u016bt\u012bt\u0101ja iesp\u0113jas izsl\u0113gt pretendentu no dal\u012bbas publiskaj\u0101 iepirkum\u0101, ja pas\u016bt\u012bt\u0101ja r\u012bc\u012bb\u0101 ir &#8220;pietiekami p\u0101rliecino\u0161as nor\u0101des&#8221; par pretendenta vai kandid\u0101ta dal\u012bbu kartel\u012b. Autores pied\u0101v\u0101 skaidrojumu par attiec\u012bgaj\u0101 norm\u0101 b\u016btisko ties\u012bbu j\u0113dzienu saturu, k\u0101 ar\u012b nor\u0101da uz vair\u0101kiem kritiski v\u0113rt\u0113jamiem aspektiem gaid\u0101maj\u0101 regul\u0113jum\u0101 un t\u0101 piem\u0113ro\u0161an\u0101.<\/p>\n<p class=\"x_ContentPasted0\">Valsts atbalsts komercdarb\u012bbai ir daudz\u0113j\u0101d\u0101 zi\u0146\u0101 savrups konkurences ties\u012bbu regul\u0113juma aspekts, tom\u0113r \u0161\u012b savrup\u012bba nek\u0101di nenoz\u012bm\u0113, ka valsts atbalsta jaut\u0101jumi b\u016btu maz\u0101k aktu\u0101li. Piem\u0113ram, valsts atbalsta pas\u0101kumi Covid-19 infekcijas seku p\u0101rvar\u0113\u0161anai skaidri apliecina pret\u0113jo. L\u012bga Granti\u0146a sniedz pla\u0161u valsts atbalsta regul\u0113juma apskatu, detaliz\u0113ti analiz\u0113jot valsts atbalsta paz\u012bmes.<\/p>\n<p class=\"x_ContentPasted0\">Linda Lielbriede apl\u016bko jaut\u0101jumu par liet\u0101s par iesp\u0113jamiem konkurences ties\u012bbu p\u0101rk\u0101pumiem ieg\u016bto pier\u0101d\u012bjumu izmanto\u0161anas pie\u013caujam\u012bbu civilliet\u0101s un krimin\u0101lliet\u0101s. Autore nor\u0101da, ka liet\u0101s par iesp\u0113jamiem konkurences ties\u012bbu p\u0101rk\u0101pumiem ieg\u016bt\u0101s zi\u0146as var b\u016bt v\u0113rt\u012bgs inform\u0101cijas avots, tom\u0113r \u0161o zi\u0146u izmanto\u0161ana cit\u0101s liet\u0101s b\u016btu objekt\u012bvi ierobe\u017eojama.<\/p>\n<p class=\"x_ContentPasted0\">Visbeidzot, l\u012bdz\u012bgi tam, k\u0101 gr\u0101mat\u017eurn\u0101ls tiek ies\u0101kts ar rakstu par visai pla\u0161u t\u0113mu, ar\u012b numuru nosl\u0113dz raksts par konceptu\u0101lu jaut\u0101jumu, kas raisa p\u0101rdomas. Proti, Maruta Kalpinova pied\u0101v\u0101 kritiski pal\u016bkoties uz ilgu laiku ar\u012b Latvij\u0101 piem\u0113roto t\u0101 saukto dal\u012bbvalstu procesu\u0101l\u0101s autonomijas principu. Visdr\u012bz\u0101k var pie\u013caut, ka las\u012bt\u0101ju viedok\u013ci \u0161aj\u0101 zi\u0146\u0101 at\u0161\u0137irsies, tom\u0113r varb\u016bt patiesi ir pien\u0101cis br\u012bdis kritiskam jaut\u0101jumam: vai \u0161\u0101ds princips visp\u0101r ir atz\u012bstams un piem\u0113rojams?<\/p>\n","protected":false},"excerpt":{"rendered":"<p><span data-contrast=\"auto\">Druk\u0101t\u0101 \u017eurn\u0101la pieg\u0101de:\u00a0<\/span><span data-ccp-props=\"{&quot;201341983&quot;:0,&quot;335559739&quot;:160,&quot;335559740&quot;:259}\">\u00a0<\/span><\/p>\n<ul>\n<li data-leveltext=\"\uf0b7\" data-font=\"Symbol\" data-listid=\"2\" data-aria-posinset=\"1\" data-aria-level=\"1\"><span data-contrast=\"auto\">ar OMNIVA vai &#8220;Latvijas Pasts&#8221; (pieg\u0101des izdevumi)<\/span><span data-ccp-props=\"{&quot;134233279&quot;:true,&quot;201341983&quot;:0,&quot;335559739&quot;:160,&quot;335559740&quot;:259}\">\u00a0<\/span><\/li>\n<li data-leveltext=\"\uf0b7\" data-font=\"Symbol\" data-listid=\"2\" data-aria-posinset=\"1\" data-aria-level=\"1\"><span class=\"NormalTextRun SCXW151442062 BCX0\">bez maksas\u00a0 &#8211; \u201cLatvijas V\u0113stne\u0161a\u201d Klientu centr\u0101 Bru\u0146inieku\u00a0<\/span><span class=\"NormalTextRun CommentStart SCXW151442062 BCX0\">41<\/span><span class=\"NormalTextRun SCXW151442062 BCX0\">, R\u012bg\u0101<\/span><\/li>\n<\/ul>\n<p><a title=\"9.augusts 2022 \/ Nr.32 (1246)\" href=\"https:\/\/juristavards.lv\/zurnals.php?laidiens_id=12382\" target=\"_blank\" rel=\"noopener\">\u017durn\u0101la digit\u0101l\u0101 versija<\/a><\/p>\n","protected":false},"featured_media":7820,"comment_status":"open","ping_status":"closed","template":"","meta":[],"product_brand":[],"product_cat":[363,361],"product_tag":[],"class_list":{"0":"post-7817","1":"product","2":"type-product","3":"status-publish","4":"has-post-thumbnail","6":"product_cat-zurnali-gramatzurnali","7":"product_cat-zurnali","9":"first","10":"instock","11":"taxable","12":"shipping-taxable","13":"purchasable","14":"product-type-simple"},"aioseo_notices":[],"_links":{"self":[{"href":"https:\/\/juristavards.lv\/veikals\/wp-json\/wp\/v2\/product\/7817","targetHints":{"allow":["GET"]}}],"collection":[{"href":"https:\/\/juristavards.lv\/veikals\/wp-json\/wp\/v2\/product"}],"about":[{"href":"https:\/\/juristavards.lv\/veikals\/wp-json\/wp\/v2\/types\/product"}],"replies":[{"embeddable":true,"href":"https:\/\/juristavards.lv\/veikals\/wp-json\/wp\/v2\/comments?post=7817"}],"wp:featuredmedia":[{"embeddable":true,"href":"https:\/\/juristavards.lv\/veikals\/wp-json\/wp\/v2\/media\/7820"}],"wp:attachment":[{"href":"https:\/\/juristavards.lv\/veikals\/wp-json\/wp\/v2\/media?parent=7817"}],"wp:term":[{"taxonomy":"product_brand","embeddable":true,"href":"https:\/\/juristavards.lv\/veikals\/wp-json\/wp\/v2\/product_brand?post=7817"},{"taxonomy":"product_cat","embeddable":true,"href":"https:\/\/juristavards.lv\/veikals\/wp-json\/wp\/v2\/product_cat?post=7817"},{"taxonomy":"product_tag","embeddable":true,"href":"https:\/\/juristavards.lv\/veikals\/wp-json\/wp\/v2\/product_tag?post=7817"}],"curies":[{"name":"wp","href":"https:\/\/api.w.org\/{rel}","templated":true}]}}