{"id":7862,"date":"2022-11-04T11:17:01","date_gmt":"2022-11-04T09:17:01","guid":{"rendered":"https:\/\/juristavards.lv\/veikals\/?post_type=product&#038;p=7862"},"modified":"2026-05-05T16:20:57","modified_gmt":"2026-05-05T13:20:57","slug":"civillikums-14-izdevums","status":"publish","type":"product","link":"https:\/\/juristavards.lv\/veikals\/produkts\/civillikums-14-izdevums\/","title":{"rendered":"Civillikums. 14.izdevums"},"content":{"rendered":"<p>\u201eLatvijas V\u0113stne\u0161a\u201d Gr\u0101matu apg\u0101d\u0101 s\u0113rij\u0101 \u201eLatvijas V\u0113stne\u0161a bibliot\u0113ka\u201d n\u0101cis\u00a0 klaj\u0101\u00a0 jau \u010detrpadsmitais Civillikuma izdevums.<\/p>\n<p>Jaunaj\u0101 izdevum\u0101\u00a0 ietverta likuma aktu\u0101l\u0101 redakcija ar groz\u012bjumiem un papildin\u0101jumiem, kas <b>izsludin\u0101ti l\u012bdz 2022. gada 15. j\u016bnijam<\/b><b>. <\/b><\/p>\n<p>M\u016bsu valsts apjom\u012bg\u0101kais likums tika pie\u0146emts 1937.gad\u0101. T\u0101 s\u0101kotn\u0113j\u0101 redakcij\u0101 bija 2400 pantu. Civillikums st\u0101j\u0101s sp\u0113k\u0101 1938.gada 1.janv\u0101r\u012b, ta\u010du jau p\u0113c nepilniem trim gadiem tas zaud\u0113ja sp\u0113ku.<\/p>\n<p>P\u0113c Latvijas neatkar\u012bbas atjauno\u0161anas Civillikums devi\u0146desmito gadu s\u0101kum\u0101 pak\u0101peniski tika atjaunots, veicot taj\u0101 daudzus groz\u012bjumus. Visapjom\u012bg\u0101kie groz\u012bjumi sk\u0101ru\u0161i \u0123imenes ties\u012bbu da\u013cu un mantojuma ties\u012bbu da\u013cu.<\/p>\n<p>Izdevumam ir v\u0113rt\u012bgs satura papildin\u0101jums \u2013 normat\u012bvie akti par Civillikuma sp\u0113k\u0101 st\u0101\u0161an\u0101s laiku un k\u0101rt\u012bbu. Ielikum\u0101 ir 2022. gada 13. oktobr\u012b pie\u0146emtie Civillikuma groz\u012bjumi.<\/p>\n","protected":false},"excerpt":{"rendered":"<p>\u201eLatvijas V\u0113stne\u0161a\u201d Gr\u0101matu apg\u0101d\u0101 s\u0113rij\u0101 \u201eLatvijas V\u0113stne\u0161a bibliot\u0113ka\u201d n\u0101cis\u00a0 klaj\u0101\u00a0 jau \u010detrpadsmitais Civillikuma izdevums. Jaunaj\u0101 izdevum\u0101\u00a0 ietverta likuma aktu\u0101l\u0101 redakcija ar groz\u012bjumiem un papildin\u0101jumiem, kas izsludin\u0101ti l\u012bdz 2022. gada 15. j\u016bnijam. M\u016bsu valsts apjom\u012bg\u0101kais likums tika pie\u0146emts 1937.gad\u0101. T\u0101 s\u0101kotn\u0113j\u0101 redakcij\u0101 bija 2400 pantu. Civillikums st\u0101j\u0101s sp\u0113k\u0101 1938.gada 1.janv\u0101r\u012b, ta\u010du jau p\u0113c nepilniem trim gadiem [&hellip;]<\/p>\n","protected":false},"featured_media":7863,"comment_status":"open","ping_status":"closed","template":"","meta":[],"product_brand":[],"product_cat":[370],"product_tag":[139],"class_list":{"0":"post-7862","1":"product","2":"type-product","3":"status-publish","4":"has-post-thumbnail","6":"product_cat-gramatas","7":"product_tag-likumi","8":"pa_gads-369","9":"pa_izdevejs-latvijas-vestnesis","11":"first","12":"instock","13":"taxable","14":"shipping-taxable","15":"purchasable","16":"product-type-simple"},"aioseo_notices":[],"_links":{"self":[{"href":"https:\/\/juristavards.lv\/veikals\/wp-json\/wp\/v2\/product\/7862","targetHints":{"allow":["GET"]}}],"collection":[{"href":"https:\/\/juristavards.lv\/veikals\/wp-json\/wp\/v2\/product"}],"about":[{"href":"https:\/\/juristavards.lv\/veikals\/wp-json\/wp\/v2\/types\/product"}],"replies":[{"embeddable":true,"href":"https:\/\/juristavards.lv\/veikals\/wp-json\/wp\/v2\/comments?post=7862"}],"wp:featuredmedia":[{"embeddable":true,"href":"https:\/\/juristavards.lv\/veikals\/wp-json\/wp\/v2\/media\/7863"}],"wp:attachment":[{"href":"https:\/\/juristavards.lv\/veikals\/wp-json\/wp\/v2\/media?parent=7862"}],"wp:term":[{"taxonomy":"product_brand","embeddable":true,"href":"https:\/\/juristavards.lv\/veikals\/wp-json\/wp\/v2\/product_brand?post=7862"},{"taxonomy":"product_cat","embeddable":true,"href":"https:\/\/juristavards.lv\/veikals\/wp-json\/wp\/v2\/product_cat?post=7862"},{"taxonomy":"product_tag","embeddable":true,"href":"https:\/\/juristavards.lv\/veikals\/wp-json\/wp\/v2\/product_tag?post=7862"}],"curies":[{"name":"wp","href":"https:\/\/api.w.org\/{rel}","templated":true}]}}