{"id":7905,"date":"2022-11-15T05:00:41","date_gmt":"2022-11-15T03:00:41","guid":{"rendered":"https:\/\/juristavards.lv\/veikals\/?post_type=product&#038;p=7905"},"modified":"2024-11-21T12:09:18","modified_gmt":"2024-11-21T10:09:18","slug":"15-novembris-2022-nr-46-1260","status":"publish","type":"product","link":"https:\/\/juristavards.lv\/veikals\/produkts\/15-novembris-2022-nr-46-1260\/","title":{"rendered":"15.novembris 2022 \/ Nr.46 (1260)"},"content":{"rendered":"<p class=\"x_ContentPasted0\">Pirms divdesmit gadiem \u2013 2002. gada 1. janv\u0101r\u012b \u2013 sp\u0113k\u0101 st\u0101j\u0101s Latvijas komercdarb\u012bbas regul\u0113juma st\u016brakmens \u2013 Komerclikums. \u0160\u012b fakta atz\u012bm\u0113\u0161anai 2022. gada 14. oktobr\u012b Tieslietu ministrija r\u012bkoja konferenci &#8220;Krietns un r\u016bp\u012bgs saimnieks lielo satricin\u0101jumu laik\u0101&#8221;, bet l\u012bdztekus tam tapa ar\u012b \u0161is tematiskais izdevums &#8220;Komerclikumam 20: aktu\u0101lie izaicin\u0101jumi&#8221;, kas apvieno gan konferenc\u0113 izskan\u0113ju\u0161us, gan no jauna apskat\u012btus tematus.<\/p>\n<p class=\"x_ContentPasted0\">\u0160is tematiskais izdevums nosac\u012bti ir dal\u0101ms tr\u012bs saturisk\u0101s da\u013c\u0101s. Pirmaj\u0101 no t\u0101m sniegts ieskats atsevi\u0161\u0137os konferences tematos, tos papildinot un piel\u0101gojot publik\u0101cijas form\u0101tam. Vispirms las\u012bt\u0101jiem sniegts Daigas Auzi\u0146as-Melalksnes un Baibas Strupi\u0161as atskats uz konferenc\u0113 izskan\u0113ju\u0161aj\u0101m atzi\u0146\u0101m kopum\u0101, bet tam seko Baibas Lielkalnes raksts &#8220;Padome k\u0101 sabiedr\u012bbas p\u0101rvaldes instit\u016bcija un t\u0101s funkcijas&#8221;. Autore nor\u0101da, ka padomes loma ir defin\u0113ta Komerclikum\u0101 un ir bijusi nemain\u012bga kop\u0161 likuma pie\u0146em\u0161anas un sp\u0113k\u0101 st\u0101\u0161an\u0101s pirms 20 gadiem. Sav\u0101 rakst\u0101 vi\u0146a apl\u016bko padomes lomu da\u017e\u0101du p\u0101rvald\u012bbas sist\u0113mu ietvaros, apraksta starptautisko praksi un padomes funkciju normat\u012bvo regul\u0113jumu, k\u0101 ar\u012b sniedz ieskatu pl\u0101notaj\u0101s izmai\u0146\u0101s Komerclikum\u0101, kas pied\u0101v\u0101 atk\u0101pties no ierastaj\u0101m v\u0101cu p\u0101rvald\u012bbas sist\u0113mas trad\u012bcij\u0101m un tuvoties skandin\u0101vu p\u0101rvald\u012bbas modelim.<\/p>\n<p class=\"x_ContentPasted0\">Tam seko Evas Berlaus raksts, piev\u0113r\u0161oties jaut\u0101jumam par ilgtsp\u0113jas izaicin\u0101jumiem komercties\u012bb\u0101s. P\u0113c vi\u0146as paust\u0101, Eiropas Za\u013cais kurss arvien redzam\u0101k ietekm\u0113 m\u016bsu ikdienu, un, lai gan netr\u016bkst diskusiju par to, vai un kuras Eiropas Savien\u012bbas izv\u0113les attiec\u012bb\u0101 uz Za\u013co kursu ir nepiecie\u0161amas vai pareizas, ir pietiekami skaidrs, ka \u0161aj\u0101 br\u012bd\u012b Eiropas Savien\u012bbas ce\u013c\u0161 uz ilgtsp\u0113ju ir nenov\u0113r\u0161ams un no t\u0101 atteikties vairs nav iesp\u0113jams, tostarp Latvij\u0101. Sec\u012bgi autore piev\u0113r\u0161as ar\u012b jaut\u0101jumam par Eiropas Za\u013c\u0101 kursa ietvaros jau pie\u0146emtiem un v\u0113l topo\u0161iem normat\u012bviem aktiem, kas ilgtsp\u0113ju vismaz atsevi\u0161\u0137os aspektos padar\u012bs aktu\u0101lu jebkuram uz\u0146\u0113mumam neatkar\u012bgi no t\u0101 individu\u0101l\u0101s strat\u0113\u0123ijas.<\/p>\n<p class=\"x_ContentPasted0\">Savuk\u0101rt pirmo tematisko sada\u013cu nosl\u0113dz Andra Grafa ieskats t\u0113m\u0101 par da\u017e\u0101d\u012bbas principu \u012bsteno\u0161anu uz\u0146\u0113mumos. Autors akcent\u0113, ka \u0161o principu ievie\u0161ana ir noz\u012bm\u012bga divu aspektu kontekst\u0101: viens ir saist\u012bts ar ieguvumiem uz\u0146\u0113muma strat\u0113\u0123isko m\u0113r\u0137u sasnieg\u0161an\u0101, otrs ir dzimumu l\u012bdzties\u012bbas jaut\u0101jums kontekst\u0101 ar valdes un padomes locek\u013cu sast\u0101vu.<\/p>\n<p class=\"x_ContentPasted0\">\u0160im tematiskajam blokam seko vair\u0101ki raksti, kas saist\u012bti ar aktu\u0101liem Komerclikuma groz\u012bjumiem \u2013 gan t\u0101diem, kas jau ir veikti un st\u0101ju\u0161ies sp\u0113k\u0101, gan t\u0101diem, kuri ir izstr\u0101des stadij\u0101 un sagaid\u0101mi tuv\u0101k\u0101 vai t\u0101l\u0101k\u0101 termi\u0146\u0101. Proti, M\u0101ris Vainovskis un Just\u012bne Ignatavi\u010dute rakst\u0101 &#8220;Dal\u012bbnieku un akcion\u0101ru sapul\u010du efektivit\u0101te \u2013 organiz\u0113\u0161anas iesp\u0113ju veidi un priek\u0161nosac\u012bjumi&#8221; t\u0113mas kontekst\u0101 izskaidro Komerclikum\u0101 ietvert\u0101s iesp\u0113jas. Autori nor\u0101da, ka 2020. gada mart\u0101 st\u0101j\u0101s sp\u0113k\u0101 groz\u012bjumi Komerclikum\u0101, kas pav\u0113ra jaunas iesp\u0113jas kapit\u0101lsabiedr\u012bb\u0101m organiz\u0113t un notur\u0113t dal\u012bbnieku un akcion\u0101ru sapulces att\u0101lin\u0101ti, izmantojot elektronisk\u0101s sazi\u0146as l\u012bdzek\u013cus, k\u0101 ar\u012b balsot pirms sapulces norises. Lai gan \u0161ie groz\u012bjumi tika pa\u0101trin\u0101ti pie\u0146emti Covid-19 pand\u0113mijas sakar\u0101, regul\u0113juma ievie\u0161ana att\u0101lin\u0101taj\u0101m kapit\u0101lsabiedr\u012bbu sapulc\u0113m tika v\u0113rt\u0113ta ar\u012b iepriek\u0161, un tas jau ir pier\u0101d\u012bjis savu veiksm\u012bgumu praks\u0113. Savuk\u0101rt Toms \u0160ulmanis ir piev\u0113rsies Komerclikuma groz\u012bjumiem par da\u013cu kategorij\u0101m, kas paver jaunas iesp\u0113jas darba dev\u0113jiem un investoriem. Vi\u0146\u0161 skaidro, ka 2021. gada 12. janv\u0101r\u012b st\u0101j\u0101s sp\u0113k\u0101 ilgi gaid\u012btie groz\u012bjumi Komerclikum\u0101, kas paredz iesp\u0113ju sabiedr\u012bb\u0101m ar ierobe\u017eotu atbild\u012bbu veidot da\u017e\u0101das kapit\u0101la da\u013cu kategorijas, un sav\u0101 rakst\u0101 \u012bsum\u0101 ieskic\u0113 gan \u0161o groz\u012bjumu evol\u016bciju, gan ar\u012b dod ieskatu par normat\u012bv\u0101 regul\u0113juma ietekmi ne tikai uz jaunuz\u0146\u0113mumu ekosist\u0113mu, bet ar\u012b Latvijas invest\u012bciju klimatu kopum\u0101.<\/p>\n<p class=\"x_ContentPasted0\">Visbeidzot, tematisko izdevumu nosl\u0113dz sada\u013ca ar skatu n\u0101kotn\u0113 jeb ieskats v\u0113l tikai pl\u0101notaj\u0101s Komerclikuma izmai\u0146\u0101s. Tam sav\u0101 rakst\u0101 piev\u0113r\u0161as Aivars Lo\u0161manis, iez\u012bm\u0113jot tr\u012bs galven\u0101s dividen\u017eu tiesisk\u0101 regul\u0113juma probl\u0113mas Komerclikum\u0101 un pied\u0101v\u0101jot diskusijai \u0161o probl\u0113mu iesp\u0113jamos risin\u0101jumus. Savuk\u0101rt tematisko izdevumu nosl\u0113dz Gita Daukste, izv\u0113r\u0161ot t\u0113mu par iepl\u0101notaj\u0101m izmai\u0146\u0101m komercsabiedr\u012bbu reorganiz\u0101cijas k\u0101rt\u012bb\u0101. Proti, 2022. gada 24. oktobr\u012b starpinstit\u016bciju saska\u0146o\u0161anai ir novirz\u012bts Tieslietu ministrijas sagatavotais likumprojekts &#8220;Groz\u012bjumi Komerclikum\u0101&#8221; (22-TA-1288), ar ko izstr\u0101d\u0101ti groz\u012bjumi, lai l\u012bdz 2023. gada 31. janv\u0101rim ieviestu Eiropas Parlamenta un Padomes 2019. gada 27. novembra Direkt\u012bv\u0101 2019\/2121, ar ko groza Direkt\u012bvu 2017\/1132 attiec\u012bb\u0101 uz p\u0101rrobe\u017eu reorganiz\u0101ciju, apvieno\u0161anos un sadal\u012b\u0161anu, noteikt\u0101s pras\u012bbas. G. Daukstes rakst\u0101 apskat\u012btas b\u016btisk\u0101k\u0101s iecer\u0113t\u0101 nacion\u0101l\u0101 un p\u0101rrobe\u017eu reorganiz\u0101cijas procesa regul\u0113juma izmai\u0146as.<\/p>\n","protected":false},"excerpt":{"rendered":"<p><span data-contrast=\"auto\">Druk\u0101t\u0101 \u017eurn\u0101la pieg\u0101de:\u00a0<\/span><span data-ccp-props=\"{&quot;201341983&quot;:0,&quot;335559739&quot;:160,&quot;335559740&quot;:259}\">\u00a0<\/span><\/p>\n<ul>\n<li data-leveltext=\"\uf0b7\" data-font=\"Symbol\" data-listid=\"2\" data-aria-posinset=\"1\" data-aria-level=\"1\"><span data-contrast=\"auto\">ar OMNIVA vai &#8220;Latvijas Pasts&#8221; (pieg\u0101des izdevumi)<\/span><span data-ccp-props=\"{&quot;134233279&quot;:true,&quot;201341983&quot;:0,&quot;335559739&quot;:160,&quot;335559740&quot;:259}\">\u00a0<\/span><\/li>\n<li data-leveltext=\"\uf0b7\" data-font=\"Symbol\" data-listid=\"2\" data-aria-posinset=\"1\" data-aria-level=\"1\"><span class=\"NormalTextRun SCXW151442062 BCX0\">bez maksas\u00a0 &#8211; \u201cLatvijas V\u0113stne\u0161a\u201d Klientu centr\u0101 Bru\u0146inieku\u00a0<\/span><span class=\"NormalTextRun CommentStart SCXW151442062 BCX0\">41<\/span><span class=\"NormalTextRun SCXW151442062 BCX0\">, R\u012bg\u0101<\/span><\/li>\n<\/ul>\n<p><a title=\"9.augusts 2022 \/ Nr.32 (1246)\" href=\"https:\/\/juristavards.lv\/zurnals.php?laidiens_id=12384\" target=\"_blank\" rel=\"noopener\">\u017durn\u0101la digit\u0101l\u0101 versija<\/a><\/p>\n","protected":false},"featured_media":7908,"comment_status":"open","ping_status":"closed","template":"","meta":[],"product_brand":[],"product_cat":[362,361],"product_tag":[],"class_list":{"0":"post-7905","1":"product","2":"type-product","3":"status-publish","4":"has-post-thumbnail","6":"product_cat-zurnali-tematiskie","7":"product_cat-zurnali","9":"first","10":"instock","11":"taxable","12":"shipping-taxable","13":"purchasable","14":"product-type-simple"},"aioseo_notices":[],"_links":{"self":[{"href":"https:\/\/juristavards.lv\/veikals\/wp-json\/wp\/v2\/product\/7905","targetHints":{"allow":["GET"]}}],"collection":[{"href":"https:\/\/juristavards.lv\/veikals\/wp-json\/wp\/v2\/product"}],"about":[{"href":"https:\/\/juristavards.lv\/veikals\/wp-json\/wp\/v2\/types\/product"}],"replies":[{"embeddable":true,"href":"https:\/\/juristavards.lv\/veikals\/wp-json\/wp\/v2\/comments?post=7905"}],"wp:featuredmedia":[{"embeddable":true,"href":"https:\/\/juristavards.lv\/veikals\/wp-json\/wp\/v2\/media\/7908"}],"wp:attachment":[{"href":"https:\/\/juristavards.lv\/veikals\/wp-json\/wp\/v2\/media?parent=7905"}],"wp:term":[{"taxonomy":"product_brand","embeddable":true,"href":"https:\/\/juristavards.lv\/veikals\/wp-json\/wp\/v2\/product_brand?post=7905"},{"taxonomy":"product_cat","embeddable":true,"href":"https:\/\/juristavards.lv\/veikals\/wp-json\/wp\/v2\/product_cat?post=7905"},{"taxonomy":"product_tag","embeddable":true,"href":"https:\/\/juristavards.lv\/veikals\/wp-json\/wp\/v2\/product_tag?post=7905"}],"curies":[{"name":"wp","href":"https:\/\/api.w.org\/{rel}","templated":true}]}}