{"id":8663,"date":"2023-03-28T05:00:22","date_gmt":"2023-03-28T02:00:22","guid":{"rendered":"https:\/\/juristavards.lv\/veikals\/?post_type=product&#038;p=8663"},"modified":"2024-12-23T16:08:16","modified_gmt":"2024-12-23T14:08:16","slug":"28-marts-2023-nr-13-1279","status":"publish","type":"product","link":"https:\/\/juristavards.lv\/veikals\/produkts\/28-marts-2023-nr-13-1279\/","title":{"rendered":"28.marts 2023 \/ Nr.13 (1279)"},"content":{"rendered":"<p class=\"x_MsoNormal x_ContentPasted0\">Kop\u0161 2023. gada 1. janv\u0101ra ir sp\u0113k\u0101 jaunais Pa\u0161vald\u012bbu likums, kas p\u0113c vair\u0101ku gadu diskusij\u0101m un izstr\u0101des ir aizst\u0101jis 1994. gad\u0101 pie\u0146emto priek\u0161teci \u2013 likumu &#8220;Par pa\u0161vald\u012bb\u0101m&#8221;. Jaun\u0101 likuma m\u0113r\u0137is ir nodro\u0161in\u0101t demokr\u0101tisku, tiesisku, efekt\u012bvu, ilgtsp\u0113j\u012bgu, atkl\u0101tu un sabiedr\u012bbai pieejamu p\u0101rvaldi katras pa\u0161vald\u012bbas administrat\u012bvaj\u0101 teritorij\u0101, k\u0101 ar\u012b l\u012bdzsvarotu pa\u0161vald\u012bbas pakalpojumu pieejam\u012bbu. T\u0101d\u0113\u013c \u0161is likums ne\u0161aub\u012bgi ir peln\u012bjis pla\u0161\u0101ku uzman\u012bbu ar\u012b &#8220;Jurista V\u0101rda&#8221; satur\u0101, un tam ar\u012b ir velt\u012bts 2023. gada 28. marta izdevums.<\/p>\n<p class=\"x_MsoNormal x_ContentPasted0\">Ierobe\u017eot\u0101 apjoma d\u0113\u013c \u0161is &#8220;Jurista V\u0101rda&#8221; tematiskais izdevums gan neaptver piln\u012bgi visas t\u0113mas, bet \u0161aj\u0101 reiz\u0113 prim\u0101ri piev\u0113r\u0161as visnoz\u012bm\u012bg\u0101kajiem jaunin\u0101jumiem Pa\u0161vald\u012bbu likum\u0101. To skait\u0101 gan Pa\u0161vald\u012bbu likuma projekta izstr\u0101des darba grupas vad\u012bt\u0101jas Mg. iur. Ilzes O\u0161as un darba grupas locekles Mg. iur. Martas Bergmanes izv\u0113rsts viedoklis par pa\u0161vald\u012bbu vietu valsts p\u0101rvald\u0113 un institucion\u0101lo uzb\u016bvi jaun\u0101 likuma kontekst\u0101, gan ar\u012b Latvijas Universit\u0101tes Juridisk\u0101s fakult\u0101tes Valststies\u012bbu zin\u0101t\u0146u katedras docenta Dr. iur. Edv\u012bna Danovska izkl\u0101sts par pa\u0161iem noz\u012bm\u012bg\u0101kajiem likuma j\u0113dzieniem un jaunin\u0101jumiem, kuri prasa pla\u0161\u0101kus paskaidrojumus. Tematisko rakstu kopu papildina ar\u012b Latvijas Universit\u0101tes Juridisk\u0101s fakult\u0101tes docenta Dr. iur. J\u0101\u0146a Plepa skat\u012bjums uz pa\u0161vald\u012bb\u0101m un Latvie\u0161u v\u0113sturisko zemju likumu, jo, k\u0101 uzsver autors, \u0161is likums ir noz\u012bm\u012bgs pienesums Latvijas valsts konstitucion\u0101lajai identit\u0101tei un kult\u016brpolitikai un taj\u0101 ir iekod\u0113ta akt\u012bva pa\u0161vald\u012bbu l\u012bdzdal\u012bba likuma \u012bsteno\u0161an\u0101 un noz\u012bm\u012bga atbild\u012bba par t\u0101 m\u0113r\u0137u sasnieg\u0161anu.<\/p>\n<p class=\"x_MsoNormal x_ContentPasted0\">Papildinot \u0161aj\u0101 &#8220;Jurista V\u0101rd\u0101&#8221; citu autoru rakstos ies\u0101kto t\u0113mu par sabiedr\u012bbas iesaistes veidiem un instrumentiem, k\u0101di paredz\u0113ti Pa\u0161vald\u012bbu likum\u0101, pla\u0161\u0101kas uzman\u012bbas v\u0113rts noteikti ir ar\u012b l\u012bdzdal\u012bbas bud\u017eeta instruments, un ar\u012b \u0161im jaut\u0101jumam ir velt\u012bts atsevi\u0161\u0137s koment\u0101rs. Savuk\u0101rt, lai nodro\u0161in\u0101tu viet\u0113jo kopienu iedz\u012bvot\u0101ju intere\u0161u p\u0101rst\u0101v\u012bbu un pa\u0161vald\u012bbas teritorijas att\u012bst\u012bbu, atbilsto\u0161i Pa\u0161vald\u012bbu likuma 58. pantam var izveidot konsultat\u012bvas pa\u0161vald\u012bbas instit\u016bcijas \u2013 iedz\u012bvot\u0101ju padomes. Tas ir viens no sabiedr\u012bbas l\u012bdzdal\u012bbas jaunin\u0101jumiem pa\u0161vald\u012bbu darb\u012bbas tiesiskaj\u0101 regul\u0113jum\u0101, kas ar\u012b peln\u012bjis papildu iev\u0113r\u012bbu. T\u0101d\u0113\u013c &#8220;Sabiedrisk\u0101s politikas centrs PROVIDUS&#8221; sadarb\u012bb\u0101 ar Vides aizsardz\u012bbas un re\u0123ion\u0101l\u0101s att\u012bst\u012bbas ministriju ir izstr\u0101d\u0101jis vadl\u012bnijas iedz\u012bvot\u0101ju padomju veido\u0161anai pa\u0161vald\u012bb\u0101s, un \u0161aj\u0101 izdevum\u0101 sniegts ieskats \u0161o vadl\u012bniju satur\u0101, k\u0101 ar\u012b atspogu\u013cota Vi\u013c\u0101nu pils\u0113tas iedz\u012bvot\u0101ju padomes priek\u0161s\u0113d\u0113t\u0101jas Vijas Pizi\u010das l\u012bdz\u0161in\u0113j\u0101 pieredze, darbojoties \u0161\u0101d\u0101 padom\u0113. Sniegts ieskats ar\u012b Valsts prezidenta Egila Levita apsv\u0113rumos par iedz\u012bvot\u0101ju padom\u0113m, kuru iek\u013cau\u0161ana Pa\u0161vald\u012bbu likum\u0101 p\u0113c administrat\u012bvi teritori\u0101l\u0101s reformas bija vi\u0146a iniciat\u012bva.<\/p>\n","protected":false},"excerpt":{"rendered":"<p><span data-contrast=\"auto\">Druk\u0101t\u0101 \u017eurn\u0101la pieg\u0101de:\u00a0<\/span><span data-ccp-props=\"{&quot;201341983&quot;:0,&quot;335559739&quot;:160,&quot;335559740&quot;:259}\">\u00a0<\/span><\/p>\n<ul>\n<li data-leveltext=\"\uf0b7\" data-font=\"Symbol\" data-listid=\"2\" data-aria-posinset=\"1\" data-aria-level=\"1\"><span data-contrast=\"auto\">ar OMNIVA vai &#8220;Latvijas Pasts&#8221; (pieg\u0101des izdevumi)<\/span><span data-ccp-props=\"{&quot;134233279&quot;:true,&quot;201341983&quot;:0,&quot;335559739&quot;:160,&quot;335559740&quot;:259}\">\u00a0<\/span><\/li>\n<li data-leveltext=\"\uf0b7\" data-font=\"Symbol\" data-listid=\"2\" data-aria-posinset=\"1\" data-aria-level=\"1\"><span class=\"NormalTextRun SCXW151442062 BCX0\">bez maksas\u00a0 &#8211; \u201cLatvijas V\u0113stne\u0161a\u201d Klientu centr\u0101 Bru\u0146inieku\u00a0<\/span><span class=\"NormalTextRun CommentStart SCXW151442062 BCX0\">41<\/span><span class=\"NormalTextRun SCXW151442062 BCX0\">, R\u012bg\u0101<\/span><\/li>\n<\/ul>\n<p><a title=\"9.augusts 2022 \/ Nr.32 (1246)\" href=\"https:\/\/juristavards.lv\/zurnals.php?laidiens_id=12401\" target=\"_blank\" rel=\"noopener\">\u017durn\u0101la digit\u0101l\u0101 versija<\/a><\/p>\n","protected":false},"featured_media":8664,"comment_status":"open","ping_status":"closed","template":"","meta":[],"product_brand":[],"product_cat":[362,361],"product_tag":[],"class_list":{"0":"post-8663","1":"product","2":"type-product","3":"status-publish","4":"has-post-thumbnail","6":"product_cat-zurnali-tematiskie","7":"product_cat-zurnali","9":"first","10":"instock","11":"taxable","12":"shipping-taxable","13":"purchasable","14":"product-type-simple"},"aioseo_notices":[],"_links":{"self":[{"href":"https:\/\/juristavards.lv\/veikals\/wp-json\/wp\/v2\/product\/8663","targetHints":{"allow":["GET"]}}],"collection":[{"href":"https:\/\/juristavards.lv\/veikals\/wp-json\/wp\/v2\/product"}],"about":[{"href":"https:\/\/juristavards.lv\/veikals\/wp-json\/wp\/v2\/types\/product"}],"replies":[{"embeddable":true,"href":"https:\/\/juristavards.lv\/veikals\/wp-json\/wp\/v2\/comments?post=8663"}],"wp:featuredmedia":[{"embeddable":true,"href":"https:\/\/juristavards.lv\/veikals\/wp-json\/wp\/v2\/media\/8664"}],"wp:attachment":[{"href":"https:\/\/juristavards.lv\/veikals\/wp-json\/wp\/v2\/media?parent=8663"}],"wp:term":[{"taxonomy":"product_brand","embeddable":true,"href":"https:\/\/juristavards.lv\/veikals\/wp-json\/wp\/v2\/product_brand?post=8663"},{"taxonomy":"product_cat","embeddable":true,"href":"https:\/\/juristavards.lv\/veikals\/wp-json\/wp\/v2\/product_cat?post=8663"},{"taxonomy":"product_tag","embeddable":true,"href":"https:\/\/juristavards.lv\/veikals\/wp-json\/wp\/v2\/product_tag?post=8663"}],"curies":[{"name":"wp","href":"https:\/\/api.w.org\/{rel}","templated":true}]}}