{"id":8720,"date":"2023-04-04T05:00:15","date_gmt":"2023-04-04T02:00:15","guid":{"rendered":"https:\/\/juristavards.lv\/veikals\/?post_type=product&#038;p=8720"},"modified":"2025-10-09T09:36:40","modified_gmt":"2025-10-09T06:36:40","slug":"4-aprilis-2023-nr-14-15-1280-1281","status":"publish","type":"product","link":"https:\/\/juristavards.lv\/veikals\/produkts\/4-aprilis-2023-nr-14-15-1280-1281\/","title":{"rendered":"4.apr\u012blis 2023 \/ Nr.14\/15 (1280\/1281)"},"content":{"rendered":"<p class=\"x_ContentPasted0\">K\u0101 jau v\u0113sta t\u0113mas pieteikums \u201cAdvokat\u016bra demokr\u0101tisk\u0101 tiesisk\u0101 valst\u012b\u201d, \u0161is tematisks laidiens ir velt\u012bts Latvijas advokat\u016brai, un ar\u012b t\u0101 saturu veidoju\u0161i galvenok\u0101rt pa\u0161i advok\u0101ti.<\/p>\n<p class=\"x_ContentPasted0\">Latvijas Republikas Advokat\u016bras likums nosaka galvenos advokat\u016bras un advok\u0101tu darba pamatprincipus, tai skait\u0101 defin\u0113, ka advokat\u016bra ir tiesiskas valsts just\u012bcijas neat\u0146emama sast\u0101vda\u013ca; advok\u0101ti ir tiesu sist\u0113mai pieder\u012bgas personas; sav\u0101 profesion\u0101laj\u0101 darb\u012bb\u0101 advok\u0101ti ir neatkar\u012bgi un pak\u013cauti tikai likumam.<\/p>\n<p class=\"x_ContentPasted0\">\u012apa\u0161\u0101 loma, ko likums demokr\u0101tisk\u0101 un tiesisk\u0101 valst\u012b pie\u0161\u0137ir advokat\u016brai k\u0101 tiesu sist\u0113mas sast\u0101vda\u013cai, ne vien nosaka ties\u012bbas, bet ar\u012b uzliek atbild\u012bbu un pien\u0101kumus.<\/p>\n<p class=\"x_ContentPasted0\">Viens no tiem \u2013 r\u016bp\u0113ties par advokat\u016bras darba kvalit\u0101ti. Tas atspogu\u013cojas ar\u012b \u0161aj\u0101 \u017eurn\u0101l\u0101 las\u0101majos rakstos. Piem\u0113ram, par augstaj\u0101m profesion\u0101l\u0101s kvalifik\u0101cijas pras\u012bb\u0101m, kas tiek izvirz\u012btas k\u0101 nosac\u012bjums, lai k\u013c\u016btu par advok\u0101tu (Alda Liepi\u0146a publik\u0101cija par advok\u0101tu pal\u012bgiem), un par advok\u0101tu iesp\u0113j\u0101m efektiviz\u0113t savu profesion\u0101lo sniegumu (Evijas Novic\u0101nes raksts).<\/p>\n<p class=\"x_ContentPasted0\">Advokat\u016brai bez \u0161aub\u0101m ir pien\u0101kums veicin\u0101t ar\u012b visas tiesu un tiesisk\u0101s sist\u0113mas pozit\u012bvu att\u012bst\u012bbu kopum\u0101, kas vienlaikus uzlabo pa\u0161u advok\u0101tu iesp\u0113jas sniegt kvalitat\u012bvu juridisko pal\u012bdz\u012bbu un p\u0101rst\u0101v\u0113t katra sava klienta intereses. \u0160\u012b iemesla d\u0113\u013c advok\u0101ti vienm\u0113r biju\u0161i akt\u012bvi da\u017e\u0101du likumprojektu izstr\u0101d\u0113, tiesu spriedumu anal\u012bz\u0113 u.c. juridisk\u0101s diskusij\u0101s. \u0160aj\u0101 \u017eurn\u0101l\u0101 advok\u0101ti dal\u0101s p\u0101rdom\u0101s par krimin\u0101lprocesa regul\u0113jumu un praktisko norisi (Dmitrijs Ska\u010dkovs, Egons Rusanovs, Aleksandrs Berezins), k\u0101 ar\u012b analiz\u0113 tiesu praksi konkr\u0113t\u0101s jom\u0101s \u2013 Armands Smans un P\u0101vels Ja\u0161niks koment\u0113 Krimin\u0101llikuma piem\u0113ro\u0161anu Sen\u0101t\u0101, savuk\u0101rt Daiga Sili\u0146a dal\u0101s p\u0101rdom\u0101s par tiesas neatkar\u012bbu un objektivit\u0101ti procesos par noziedz\u012bgi ieg\u016btu mantu.<\/p>\n<p class=\"x_ContentPasted0\">\u012apa\u0161u las\u012bt\u0101ju uzman\u012bbu, j\u0101dom\u0101, izpeln\u012bsies advok\u0101ta Kalvja Torg\u0101na dz\u012bves laik\u0101 tapu\u0161ais p\u0113d\u0113jais raksts, kas aicina piev\u0113rst uzman\u012bbu tiesne\u0161u neatkar\u012bbas un profesion\u0101l\u0101s atbild\u012bbas dilemmai un kas tiek public\u0113ts divus gadus p\u0113c vi\u0146a n\u0101ves, jo iesniegts redakcijai ar konkr\u0113tu nosac\u012bjumu, kas tagad ir piepild\u012bjies. Kopsakar\u0101 ar \u0161o publik\u0101ciju las\u0101ma ar\u012b Artas Snipes veikt\u0101 anal\u012bze par advok\u0101ta ties\u012bb\u0101m kritiz\u0113t tiesu nol\u0113mumus.<\/p>\n","protected":false},"excerpt":{"rendered":"<p><span data-contrast=\"auto\">Druk\u0101t\u0101 \u017eurn\u0101la pieg\u0101de:\u00a0<\/span><span data-ccp-props=\"{&quot;201341983&quot;:0,&quot;335559739&quot;:160,&quot;335559740&quot;:259}\">\u00a0<\/span><\/p>\n<ul>\n<li data-leveltext=\"\uf0b7\" data-font=\"Symbol\" data-listid=\"2\" data-aria-posinset=\"1\" data-aria-level=\"1\"><span data-contrast=\"auto\">ar OMNIVA vai &#8220;Latvijas Pasts&#8221; (pieg\u0101des izdevumi)<\/span><span data-ccp-props=\"{&quot;134233279&quot;:true,&quot;201341983&quot;:0,&quot;335559739&quot;:160,&quot;335559740&quot;:259}\">\u00a0<\/span><\/li>\n<li data-leveltext=\"\uf0b7\" data-font=\"Symbol\" data-listid=\"2\" data-aria-posinset=\"1\" data-aria-level=\"1\"><span class=\"NormalTextRun SCXW151442062 BCX0\">bez maksas\u00a0 &#8211; \u201cLatvijas V\u0113stne\u0161a\u201d Klientu centr\u0101 Bru\u0146inieku\u00a0<\/span><span class=\"NormalTextRun CommentStart SCXW151442062 BCX0\">41<\/span><span class=\"NormalTextRun SCXW151442062 BCX0\">, R\u012bg\u0101<\/span><\/li>\n<\/ul>\n<p><a title=\"9.augusts 2022 \/ Nr.32 (1246)\" href=\"https:\/\/juristavards.lv\/zurnals.php?laidiens_id=12402\" target=\"_blank\" rel=\"noopener\">\u017durn\u0101la digit\u0101l\u0101 versija<\/a><\/p>\n","protected":false},"featured_media":8722,"comment_status":"open","ping_status":"closed","template":"","meta":[],"product_brand":[],"product_cat":[362,361],"product_tag":[],"class_list":{"0":"post-8720","1":"product","2":"type-product","3":"status-publish","4":"has-post-thumbnail","6":"product_cat-zurnali-tematiskie","7":"product_cat-zurnali","9":"first","10":"instock","11":"taxable","12":"shipping-taxable","13":"purchasable","14":"product-type-simple"},"aioseo_notices":[],"_links":{"self":[{"href":"https:\/\/juristavards.lv\/veikals\/wp-json\/wp\/v2\/product\/8720","targetHints":{"allow":["GET"]}}],"collection":[{"href":"https:\/\/juristavards.lv\/veikals\/wp-json\/wp\/v2\/product"}],"about":[{"href":"https:\/\/juristavards.lv\/veikals\/wp-json\/wp\/v2\/types\/product"}],"replies":[{"embeddable":true,"href":"https:\/\/juristavards.lv\/veikals\/wp-json\/wp\/v2\/comments?post=8720"}],"wp:featuredmedia":[{"embeddable":true,"href":"https:\/\/juristavards.lv\/veikals\/wp-json\/wp\/v2\/media\/8722"}],"wp:attachment":[{"href":"https:\/\/juristavards.lv\/veikals\/wp-json\/wp\/v2\/media?parent=8720"}],"wp:term":[{"taxonomy":"product_brand","embeddable":true,"href":"https:\/\/juristavards.lv\/veikals\/wp-json\/wp\/v2\/product_brand?post=8720"},{"taxonomy":"product_cat","embeddable":true,"href":"https:\/\/juristavards.lv\/veikals\/wp-json\/wp\/v2\/product_cat?post=8720"},{"taxonomy":"product_tag","embeddable":true,"href":"https:\/\/juristavards.lv\/veikals\/wp-json\/wp\/v2\/product_tag?post=8720"}],"curies":[{"name":"wp","href":"https:\/\/api.w.org\/{rel}","templated":true}]}}