{"id":8847,"date":"2023-05-02T05:00:46","date_gmt":"2023-05-02T02:00:46","guid":{"rendered":"https:\/\/juristavards.lv\/veikals\/?post_type=product&#038;p=8847"},"modified":"2025-10-27T09:30:43","modified_gmt":"2025-10-27T07:30:43","slug":"2-maijs2023-nr-18-19-1284-1285","status":"publish","type":"product","link":"https:\/\/juristavards.lv\/veikals\/produkts\/2-maijs2023-nr-18-19-1284-1285\/","title":{"rendered":"2.maijs 2023 \/ Nr.18\/19 (1284\/1285)"},"content":{"rendered":"<div class=\"x_elementToProof x_ContentPasted0\">\n<p class=\"x_MsoNormal\"><span class=\"x_ContentPasted0\">\u0160is &#8220;Jurista V\u0101rds&#8221; ir velt\u012bts m\u0101ksl\u012bgajam intelektam, datiem un tehnolo\u0123ij\u0101m, un ir jau tre\u0161ais tematiskais izdevums \u0161aj\u0101 ties\u012bbu virzien\u0101. \u00a0Pirmais &#8220;Jurista V\u0101rda&#8221; tematiskais numurs &#8220;M\u0101ksl\u012bgais intelekts \u2013 tieslietu nozares un visas sabiedr\u012bbas dz\u012bv\u0113&#8221;, kas bija velt\u012bts m\u0101ksl\u012bgajam intelektam,<u> <\/u>tika public\u0113ts 2019. gad\u0101, bet p\u0113c tam \u0161is jaut\u0101jums ir apl\u016bkots 2020. gada gr\u0101mat\u017eurn\u0101l\u0101 &#8220;Dati k\u0101 tehnolo\u0123iju laikmeta resursi: izmanto\u0161ana un aizsardz\u012bba&#8221;.\u00a0<\/span><\/p>\n<p class=\"x_MsoNormal\"><span class=\"x_ContentPasted0\">\u0160aj\u0101, jaun\u0101kaj\u0101 \u201cJurista V\u0101rda\u201d izdevum\u0101, kas velt\u012bts m\u0101ksl\u012bg\u0101 intelekta, datu un tehnolo\u0123iju mijiedarb\u012bbai, l\u012bdztekus rakstiem, kur skaidrotas pamatties\u012bbas kopsakar\u0101 ar m\u0101ksl\u012bgo intelektu, k\u0101 ar\u012b v\u0113rsta uzman\u012bba uz nepiecie\u0161am\u012bbu veikt risku nov\u0113rt\u0113jumus, sniegts ar\u012b ieskats izmekl\u0113\u0161anas darb\u012bb\u0101s, v\u0113rt\u0113jot t\u0101s kriptoval\u016btas kontekst\u0101. V\u0113l cit\u0101 rakst\u0101 apskat\u012bts temats par viedo sist\u0113mu operatoru vainojam\u012bbas modeli. Tematiskaj\u0101 numur\u0101 var atrast ar\u012b divus rakstus, kas velt\u012bti <i class=\"x_ContentPasted0\">Chat GPT<\/i>: vien\u0101 rakst\u0101 \u0161is jaut\u0101jums apskat\u012bts no autorties\u012bbu perspekt\u012bvas, t.i., vai autorties\u012bbas attiecin\u0101mas uz darbu, kas rad\u012bts ar m\u0101ksl\u012bg\u0101 intelekta pal\u012bdz\u012bbu. Savuk\u0101rt otr\u0101 raksta autors analiz\u0113 m\u0101ksl\u012bg\u0101 intelekta ietekmi uz juridisk\u0101s izgl\u012bt\u012bbas procesu, pretnostatot m\u0101ksl\u012bg\u0101 intelekta sniegt\u0101s iesp\u0113jas, k\u0101 ar\u012b t\u0101 rad\u012btos riskus.\u00a0<\/span><\/p>\n<p class=\"x_MsoNormal\"><span class=\"x_ContentPasted0\">Vienlaikus \u0161aj\u0101 numur\u0101 var iepaz\u012bties ar pavisam jaunu tematu \u2013 neiroties\u012bb\u0101m. Autore sav\u0101 rakst\u0101 ir nor\u0101d\u012bjusi, piem\u0113ram, uz \u013coti neparastu atkl\u0101jumu, t.i., &#8220;ar specifiska sign\u0101la pal\u012bdz\u012bbu (P300 vi\u013c\u0146i) iesp\u0113jams att\u0101lin\u0101ti, personai nezinot, veikt galvas smadze\u0146u sign\u0101lu ierakstus, ko p\u0113c tam izmanto sensit\u012bvas inform\u0101cijas at\u0161ifr\u0113\u0161an\u0101&#8221;.<u> <\/u>T\u0101pat autore min\u0113to tematu apskata ar\u012b no cilv\u0113kties\u012bbu konteksta.\u00a0<\/span><\/p>\n<p class=\"x_MsoNormal\"><span class=\"x_ContentPasted0\">Tematiskaj\u0101 numur\u0101 pied\u0101v\u0101ts ar\u012b \u013coti aktu\u0101ls raksts par m\u0101ksl\u012bg\u0101 intelekta god\u012bgas izmanto\u0161anas pier\u0101d\u012b\u0161anas pien\u0101kumu pat\u0113r\u0113t\u0101ju ties\u012bb\u0101s. Savuk\u0101rt cit\u0101 rakst\u0101 no personas datu aizsardz\u012bbas perspekt\u012bvas apskat\u012btas darba dev\u0113ja iesp\u0113jas aizvietot caurlaides ar biometrijas risin\u0101jumiem. T\u0101pat numur\u0101 skaidrots, k\u0101dai j\u0101b\u016bt darba dev\u0113ja un tehnolo\u0123iju mijiedarb\u012bbai. \u0160aj\u0101 kontekst\u0101 minams ar\u012b raksts, kur\u0101 autors v\u0113rt\u0113 datu aizsardz\u012bbas speci\u0101lista uzdevumu aizst\u0101v\u0113t datu subjekta intereses un izaicin\u0101jumus, ar kuriem sastopas datu aizsardz\u012bbas speci\u0101listi.\u00a0<\/span><\/p>\n<\/div>\n","protected":false},"excerpt":{"rendered":"<p><span data-contrast=\"auto\">Druk\u0101t\u0101 \u017eurn\u0101la pieg\u0101de:\u00a0<\/span><span data-ccp-props=\"{&quot;201341983&quot;:0,&quot;335559739&quot;:160,&quot;335559740&quot;:259}\">\u00a0<\/span><\/p>\n<ul>\n<li data-leveltext=\"\uf0b7\" data-font=\"Symbol\" data-listid=\"2\" data-aria-posinset=\"1\" data-aria-level=\"1\"><span data-contrast=\"auto\">ar OMNIVA vai &#8220;Latvijas Pasts&#8221; (pieg\u0101des izdevumi)<\/span><span data-ccp-props=\"{&quot;134233279&quot;:true,&quot;201341983&quot;:0,&quot;335559739&quot;:160,&quot;335559740&quot;:259}\">\u00a0<\/span><\/li>\n<li data-leveltext=\"\uf0b7\" data-font=\"Symbol\" data-listid=\"2\" data-aria-posinset=\"1\" data-aria-level=\"1\"><span class=\"NormalTextRun SCXW151442062 BCX0\">bez maksas\u00a0 &#8211; \u201cLatvijas V\u0113stne\u0161a\u201d Klientu centr\u0101 Bru\u0146inieku\u00a0<\/span><span class=\"NormalTextRun CommentStart SCXW151442062 BCX0\">41<\/span><span class=\"NormalTextRun SCXW151442062 BCX0\">, R\u012bg\u0101<\/span><\/li>\n<\/ul>\n<p><a title=\"9.augusts 2022 \/ Nr.32 (1246)\" href=\"https:\/\/juristavards.lv\/zurnals.php?laidiens_id=12405\" target=\"_blank\" rel=\"noopener\">\u017durn\u0101la digit\u0101l\u0101 versija<\/a><\/p>\n","protected":false},"featured_media":8849,"comment_status":"open","ping_status":"closed","template":"","meta":[],"product_cat":[361,362],"product_tag":[],"class_list":{"0":"post-8847","1":"product","2":"type-product","3":"status-publish","4":"has-post-thumbnail","6":"product_cat-zurnali","7":"product_cat-zurnali-tematiskie","9":"first","10":"outofstock","11":"taxable","12":"shipping-taxable","13":"purchasable","14":"product-type-simple"},"aioseo_notices":[],"_links":{"self":[{"href":"https:\/\/juristavards.lv\/veikals\/wp-json\/wp\/v2\/product\/8847"}],"collection":[{"href":"https:\/\/juristavards.lv\/veikals\/wp-json\/wp\/v2\/product"}],"about":[{"href":"https:\/\/juristavards.lv\/veikals\/wp-json\/wp\/v2\/types\/product"}],"replies":[{"embeddable":true,"href":"https:\/\/juristavards.lv\/veikals\/wp-json\/wp\/v2\/comments?post=8847"}],"wp:featuredmedia":[{"embeddable":true,"href":"https:\/\/juristavards.lv\/veikals\/wp-json\/wp\/v2\/media\/8849"}],"wp:attachment":[{"href":"https:\/\/juristavards.lv\/veikals\/wp-json\/wp\/v2\/media?parent=8847"}],"wp:term":[{"taxonomy":"product_cat","embeddable":true,"href":"https:\/\/juristavards.lv\/veikals\/wp-json\/wp\/v2\/product_cat?post=8847"},{"taxonomy":"product_tag","embeddable":true,"href":"https:\/\/juristavards.lv\/veikals\/wp-json\/wp\/v2\/product_tag?post=8847"}],"curies":[{"name":"wp","href":"https:\/\/api.w.org\/{rel}","templated":true}]}}