{"id":9199,"date":"2023-08-08T05:00:48","date_gmt":"2023-08-08T02:00:48","guid":{"rendered":"https:\/\/juristavards.lv\/veikals\/?post_type=product&#038;p=9199"},"modified":"2025-12-08T22:21:57","modified_gmt":"2025-12-08T20:21:57","slug":"8-augusts-2023-nr-32-1298","status":"publish","type":"product","link":"https:\/\/juristavards.lv\/veikals\/produkts\/8-augusts-2023-nr-32-1298\/","title":{"rendered":"8. augusts 2023 \/ Nr. 32 (1298)"},"content":{"rendered":"<div class=\"x_elementToProof x_ContentPasted0\">\n<div class=\"x_elementToProof x_ContentPasted0\">\n<p class=\"x_ContentPasted0\">Kop\u0161 2014. gada 31. marta Civilprocesa likum\u0101 ir iedibin\u0101ts pagaidu aizsardz\u012bbas pret vardarb\u012bbu instit\u016bts jeb tiesisks instruments, kas personai civilprocesu\u0101l\u0101 k\u0101rt\u012bb\u0101 \u013cauj pan\u0101kt faktiski t\u016bl\u012bt\u0113ju aizsardz\u012bbu no varm\u0101kas, kur\u0161 \u012bsteno jebk\u0101da veida fizisku, seksu\u0101lu, psiholo\u0123isku vai ekonomisku vardarb\u012bbu, k\u0101 ar\u012b vardarb\u012bgu kontroli. \u0160is &#8220;Jurista V\u0101rda&#8221; tematiskais izdevums ir velt\u012bts pagaidu aizsardz\u012bbas pret vardarb\u012bbu praktisk\u0101s piem\u0113ro\u0161anas probl\u0113mjaut\u0101jumiem.<\/p>\n<p class=\"x_ContentPasted0\">R\u012bgas apgabaltiesas tiesnese Ilze Celmi\u0146a, v\u0113rt\u0113jot iesp\u0113jas pilnveidot pagaidu aizsardz\u012bbas pret vardarb\u012bbu piem\u0113ro\u0161anas efektivit\u0101ti, sav\u0101 publik\u0101cij\u0101 uzsver nepiecie\u0161am\u012bbu tiesne\u0161iem, kas skata civillietas, stiprin\u0101t zin\u0101\u0161anas un pieredzi, tostarp juridiskaj\u0101 psiholo\u0123ij\u0101, lai praktiskaj\u0101 darb\u012bb\u0101 atpaz\u012btu vardarb\u012bbu un t\u0101s veidus, cietu\u0161\u0101 un varm\u0101kas attiec\u012bbu \u012bpatn\u012bbas un tiesisk\u0101s situ\u0101cijas potenci\u0101lo att\u012bst\u012bbu. Vienlaikus atz\u012bm\u0113ta nepiecie\u0161am\u012bba nodro\u0161in\u0101t inform\u0101cijas pieejam\u012bbu cietu\u0161ajiem, lai prasmju tr\u016bkums patst\u0101v\u012bgi sagatavot pieteikumu par pagaidu aizsardz\u012bbu pret vardarb\u012bbu neb\u016btu \u0161\u0137\u0113rslis sa\u0146emt nepiecie\u0161amo aizsardz\u012bbu.<\/p>\n<p class=\"x_ContentPasted0\">Apl\u016bkojot \u0161\u012b ties\u012bbu instit\u016bta izcel\u0161anos un pamatus, zv\u0113rin\u0101ts advok\u0101ts Edgars Nikels \u012bpa\u0161i akcent\u0113, ka par nepatiesa pieteikuma par pagaidu aizsardz\u012bbas pret vardarb\u012bbu l\u012bdzek\u013ca piem\u0113ro\u0161anu persona var tikt saukta pie krimin\u0101latbild\u012bbas. Vienlaikus krimin\u0101latbild\u012bbas piedraud\u0113jums ir attiecin\u0101ms uz tiem gad\u012bjumiem, kad persona p\u0101rk\u0101pj tiesas l\u0113mum\u0101 par pagaidu aizsardz\u012bbas pret vardarb\u012bbu l\u012bdzek\u013ca piem\u0113ro\u0161anu noteikto. \u0160aj\u0101 aspekt\u0101 E. Nikels rosin\u0101jis p\u0101rv\u0113rt\u0113t Krimin\u0101llikuma 168.<sup class=\"x_ContentPasted0\">1<\/sup> pant\u0101 noteikto soda sankciju.<\/p>\n<p class=\"x_ContentPasted0\">Vair\u0101kus praktiskus probl\u0113mjaut\u0101jumus iez\u012bm\u0113jusi ar\u012b zv\u0113rin\u0101ta advok\u0101te Liene Neimane, nor\u0101dot, ka da\u013ca iesniegto pieteikumu tiek izmantoti, lai pastarpin\u0101ti pan\u0101ktu sev v\u0113lamu rezult\u0101tu k\u0101d\u0101 cit\u0101 personisk\u0101, ar vardarb\u012bbu nesaist\u012bt\u0101 jaut\u0101jum\u0101, savuk\u0101rt finansi\u0101li maz\u0101k aizsarg\u0101t\u0101 sabiedr\u012bbas da\u013ca, past\u0101vot re\u0101lai vardarb\u012bbai, likum\u0101 noteikto aizsardz\u012bbu nesa\u0146em, jo nesp\u0113j sagatavot t\u0101du pieteikumu (taj\u0101 skait\u0101 nesp\u0113j samaks\u0101t kompetentam profesion\u0101lim par pieteikuma sagatavo\u0161anu), kas nekav\u0113jo\u0161i \u2013 n\u0101kamaj\u0101 dien\u0101 \u2013 tiktu apmierin\u0101ts. K\u0101 vienu no probl\u0113mas iesp\u0113jamiem risin\u0101jumiem L. Neimane nor\u0101d\u012bjusi iesp\u0113ju izskat\u012bt aizsardz\u012bbas pret vardarb\u012bbu pieteikumu krimin\u0101lprocesu\u0101l\u0101 k\u0101rt\u012bb\u0101.<\/p>\n<p class=\"x_ContentPasted0\">Apsverot \u0161\u0101da ierosin\u0101juma lietder\u012bgumu, v\u0113rts iel\u016bkoties Norv\u0113\u0123ijas Karalist\u0113 praktiz\u0113jo\u0161a advok\u0101ta Samira Askerova ieskat\u0101 par pagaidu aizsardz\u012bbas pret vardarb\u012bbu instit\u016bta piem\u0113ro\u0161anas \u012bpatn\u012bb\u0101m Norv\u0113\u0123ij\u0101. Tur min\u0113tais instit\u016bts tiek regul\u0113ts Krimin\u0101llikum\u0101 un Krimin\u0101lprocesa likum\u0101.<\/p>\n<p class=\"x_ContentPasted0\">Latvijas Republikas ties\u012bbsarga biroja Pilsonisko un politisko ties\u012bbu noda\u013cas juridisk\u0101 padomniece Daina Lepika apkopojusi ties\u012bbsarga praksi un ieteikumus saist\u012bb\u0101 ar pagaidu aizsardz\u012bbas pret vardarb\u012bbu l\u012bdzek\u013cu piem\u0113ro\u0161anu. Autore paudusi viedokli par nepiecie\u0161am\u012bbu pilnveidot Civilprocesa likuma 250.<sup class=\"x_ContentPasted0\">58<\/sup> pantu, t\u0101d\u0113j\u0101di nov\u0113r\u0161ot gad\u012bjumus, kad l\u0113mums par pagaidu aizsardz\u012bbas pret vardarb\u012bbu l\u012bdzek\u013cu piem\u0113ro\u0161anu tiek atcelts form\u0101lu iemeslu d\u0113\u013c, k\u0101 ar\u012b iesp\u0113jamam atbild\u0113t\u0101jam paredzot ties\u012bbas p\u0113c l\u0113muma par pagaidu aizsardz\u012bbas l\u012bdzek\u013cu piem\u0113ro\u0161anu pie\u0146em\u0161anas iesniegt ties\u0101 savus paskaidrojumus ar\u012b situ\u0101cij\u0101, kad iesp\u0113jamais atbild\u0113t\u0101js ap\u0161auba p\u0113c b\u016bt\u012bbas \u0161o l\u012bdzek\u013cu piem\u0113ro\u0161anas nepiecie\u0161am\u012bbu un nebija inform\u0113ts par pieteikuma izskat\u012b\u0161anu, t\u0101d\u0113j\u0101di nodro\u0161inot pu\u0161u l\u012bdzties\u012bbu.<\/p>\n<p class=\"x_ContentPasted0\">Diskusijai par pagaidu aizsardz\u012bbas pret vardarb\u012bbu instit\u016bta efektivit\u0101ti papildu dimensiju pie\u0161\u0137ir Sen\u0101ta Administrat\u012bvo lietu departamenta zin\u0101tniski anal\u012btisk\u0101s padomnieces Krist\u012bnes Zem\u012btes ieskats par to, k\u0101 l\u0113mums par pagaidu aizsardz\u012bbu pret vardarb\u012bbu ietekm\u0113 administrat\u012bvo lietu izskat\u012b\u0161anu.<\/p>\n<\/div>\n<\/div>\n","protected":false},"excerpt":{"rendered":"<p><span data-contrast=\"auto\">Druk\u0101t\u0101 \u017eurn\u0101la pieg\u0101de:\u00a0<\/span><span data-ccp-props=\"{&quot;201341983&quot;:0,&quot;335559739&quot;:160,&quot;335559740&quot;:259}\">\u00a0<\/span><\/p>\n<ul>\n<li data-leveltext=\"\uf0b7\" data-font=\"Symbol\" data-listid=\"2\" data-aria-posinset=\"1\" data-aria-level=\"1\"><span data-contrast=\"auto\">ar OMNIVA vai &#8220;Latvijas Pasts&#8221; (pieg\u0101des izdevumi)<\/span><span data-ccp-props=\"{&quot;134233279&quot;:true,&quot;201341983&quot;:0,&quot;335559739&quot;:160,&quot;335559740&quot;:259}\">\u00a0<\/span><\/li>\n<li data-leveltext=\"\uf0b7\" data-font=\"Symbol\" data-listid=\"2\" data-aria-posinset=\"1\" data-aria-level=\"1\"><span class=\"NormalTextRun SCXW151442062 BCX0\">bez maksas\u00a0 &#8211; \u201cLatvijas V\u0113stne\u0161a\u201d Klientu centr\u0101 Bru\u0146inieku\u00a0<\/span><span class=\"NormalTextRun CommentStart SCXW151442062 BCX0\">41<\/span><span class=\"NormalTextRun SCXW151442062 BCX0\">, R\u012bg\u0101<\/span><\/li>\n<\/ul>\n<p><a title=\"9.augusts 2022 \/ Nr.32 (1246)\" href=\"https:\/\/juristavards.lv\/zurnals.php?laidiens_id=12417\" target=\"_blank\" rel=\"noopener\">\u017durn\u0101la digit\u0101l\u0101 versija<\/a><\/p>\n","protected":false},"featured_media":9200,"comment_status":"open","ping_status":"closed","template":"","meta":[],"product_brand":[],"product_cat":[362,361],"product_tag":[],"class_list":{"0":"post-9199","1":"product","2":"type-product","3":"status-publish","4":"has-post-thumbnail","6":"product_cat-zurnali-tematiskie","7":"product_cat-zurnali","9":"first","10":"outofstock","11":"taxable","12":"shipping-taxable","13":"purchasable","14":"product-type-simple"},"aioseo_notices":[],"_links":{"self":[{"href":"https:\/\/juristavards.lv\/veikals\/wp-json\/wp\/v2\/product\/9199","targetHints":{"allow":["GET"]}}],"collection":[{"href":"https:\/\/juristavards.lv\/veikals\/wp-json\/wp\/v2\/product"}],"about":[{"href":"https:\/\/juristavards.lv\/veikals\/wp-json\/wp\/v2\/types\/product"}],"replies":[{"embeddable":true,"href":"https:\/\/juristavards.lv\/veikals\/wp-json\/wp\/v2\/comments?post=9199"}],"wp:featuredmedia":[{"embeddable":true,"href":"https:\/\/juristavards.lv\/veikals\/wp-json\/wp\/v2\/media\/9200"}],"wp:attachment":[{"href":"https:\/\/juristavards.lv\/veikals\/wp-json\/wp\/v2\/media?parent=9199"}],"wp:term":[{"taxonomy":"product_brand","embeddable":true,"href":"https:\/\/juristavards.lv\/veikals\/wp-json\/wp\/v2\/product_brand?post=9199"},{"taxonomy":"product_cat","embeddable":true,"href":"https:\/\/juristavards.lv\/veikals\/wp-json\/wp\/v2\/product_cat?post=9199"},{"taxonomy":"product_tag","embeddable":true,"href":"https:\/\/juristavards.lv\/veikals\/wp-json\/wp\/v2\/product_tag?post=9199"}],"curies":[{"name":"wp","href":"https:\/\/api.w.org\/{rel}","templated":true}]}}