{"id":9712,"date":"2023-11-14T08:50:17","date_gmt":"2023-11-14T06:50:17","guid":{"rendered":"https:\/\/juristavards.lv\/veikals\/?post_type=product&#038;p=9712"},"modified":"2026-03-25T16:29:23","modified_gmt":"2026-03-25T14:29:23","slug":"14-novembris-2023-nr-46-47-1312-1313","status":"publish","type":"product","link":"https:\/\/juristavards.lv\/veikals\/produkts\/14-novembris-2023-nr-46-47-1312-1313\/","title":{"rendered":"14. novembris 2023 \/ Nr. 46\/47 (1312\/1313)"},"content":{"rendered":"<div class=\"x_elementToProof x_ContentPasted0\">\n<div class=\"x_elementToProof x_ContentPasted0\">\n<div class=\"x_elementToProof x_ContentPasted0\">\n<p>2023. gada ruden\u012b &#8220;Jurista V\u0101rda&#8221; ikgad\u0113jo gr\u0101mat\u017eurn\u0101lu s\u0113rij\u0101 kl\u0101t n\u0101cis jauns papildin\u0101jums, kas velt\u012bts \u013coti daudzpus\u012bgai un sare\u017e\u0123\u012btai, juridisku izaicin\u0101jumu pilnai t\u0113mai \u2013 noziedz\u012bgi ieg\u016btas mantas legaliz\u0101cijas un terorisma un prolifer\u0101cijas finans\u0113\u0161anas nov\u0113r\u0161anas normat\u012bvaj\u0101m un praktiskaj\u0101m aktualit\u0101t\u0113m.<\/p>\n<p>Sal\u012bdzin\u0101jum\u0101 ar iepriek\u0161\u0113jiem \u0161is gr\u0101mat\u017eurn\u0101ls ir rekordists apjoma zi\u0146\u0101 jeb visbiez\u0101kais, turkl\u0101t daudzas tematu ieceres v\u0113l palika ne\u012bstenotas. Tas nor\u0101da uz t\u0113mas \u013coti pla\u0161o tv\u0113rumu un aktualit\u0101ti, k\u0101 ar\u012b padzi\u013cin\u0101tas lietprat\u0113ju diskusijas nepiecie\u0161am\u012bbu, jo ar\u012b \u0161aj\u0101 izdevum\u0101 skaidri iez\u012bm\u0113jas \u2013 ir t\u0101di jaut\u0101jumi, par kuriem autori ir diezgan vienpr\u0101t\u012bgi, bet ir ar\u012b t\u0101di aspekti, par kuriem domas joproj\u0101m dal\u0101s, turkl\u0101t \u2013 diezgan krasi. Ne velti ar\u012b Satversmes tiesas lietved\u012bb\u0101 aizvien non\u0101k jaunas lietas par tiesisko regul\u0113jumu, kas saist\u012bts ar procesiem par noziedz\u012bgi ieg\u016btu mantu.<\/p>\n<p>\u0160aj\u0101 gr\u0101mat\u017eurn\u0101l\u0101 las\u012bt\u0101js atrad\u012bs ar\u012b p\u0101rdomas par to, k\u0101p\u0113c \u0161\u012bs kategorijas lietas atk\u0101rtoti atgrie\u017eas Satversmes ties\u0101 un k\u0101d\u0113\u013c t\u0101s tiek atkal izskat\u012btas. Lai gan, k\u0101 secina viens no autoriem, iedzi\u013cinoties Satversmes tiesas spriedumos un lietu ierosin\u0101\u0161anas l\u0113mumos, paties\u012bb\u0101 atkl\u0101jas, ka vis\u0101s l\u012bdz \u0161im izskat\u012btaj\u0101s un ierosin\u0101taj\u0101s liet\u0101s apstr\u012bd\u0113t\u0101s normas skar vai ir sk\u0101ru\u0161as at\u0161\u0137ir\u012bgas krimin\u0101lprocesa un procesa par noziedz\u012bgu mantu izskat\u012b\u0161anas stadijas, k\u0101 ar\u012b savstarp\u0113ji no\u0161\u0137iramus materi\u0101lo un procesu\u0101lo ties\u012bbu jaut\u0101jumus. Tas noz\u012bm\u0113, ka, sagaidot k\u0101rt\u0113jos Satversmes tiesas spriedumus, kl\u0101t n\u0101ks jaunas atzi\u0146as par citiem \u0161\u012bs liel\u0101s t\u0113mas ties\u012bbu instit\u016btiem. T\u0101d\u0113\u013c las\u012bt\u0101jiem \u012bpa\u0161i noder\u012bgs b\u016bs ar\u012b skaidrojo\u0161ais raksts par to, k\u0101p\u0113c Satversmes ties\u0101 \u0161obr\u012bd ierosin\u0101t\u0101s lietas ir svar\u012bgas un k\u0101 t\u0101s n\u0101kotn\u0113 var\u0113tu ietekm\u0113t procesus par noziedz\u012bgi ieg\u016btu mantu.<\/p>\n<p>L\u012bdztekus eso\u0161o normu konstitucionalit\u0101tes kontrolei akt\u012bvs darbs noris ar\u012b likumdev\u0113ja gaite\u0146os, str\u0101d\u0101jot gan pie jaunu groz\u012bjumu izstr\u0101d\u0101\u0161anas eso\u0161aj\u0101 regul\u0113jum\u0101, gan apsverot to, k\u0101 noziedz\u012bgi ieg\u016btu l\u012bdzek\u013cu legaliz\u0113\u0161anas nov\u0113r\u0161anas jom\u0101 efekt\u012bvi un harmoniski ieviest starptautisko instit\u016bciju rekomend\u0101cijas un prakses nost\u0101dnes.<\/p>\n<p>Gr\u0101mat\u017eurn\u0101l\u0101 autori ar\u012b pau\u017e v\u0113rt\u0113jumu par eso\u0161\u0101 regul\u0113juma piem\u0113ro\u0161anas \u012bpatn\u012bb\u0101m, gan izmekl\u0113jot un m\u0113\u0123inot pier\u0101d\u012bt, ka notikusi noziedz\u012bgi ieg\u016btu l\u012bdzek\u013cu legaliz\u0101cija vai terorisma finans\u0113\u0161ana, gan tiesved\u012bbas ietvaros izskatot lietas par noziedz\u012bgi ieg\u016btu mantu, gan \u012bstenojot nozares uzraudz\u012bbu.<\/p>\n<p>Savu atbild\u012bbas nastu, apkarojot noziedz\u012bgos r\u016bpalus un to aug\u013cu iepludin\u0101\u0161anu leg\u0101lo l\u012bdzek\u013cu apjom\u0101, nes gan tiesas, gan zv\u0113rin\u0101ti advok\u0101ti, gan zv\u0113rin\u0101ti not\u0101ri, gan kred\u012btiest\u0101des un vair\u0101kas citas instit\u016bcijas, kuru p\u0101rst\u0101vju viedok\u013ci sniedz vispus\u012bgu ieskatu risku efekt\u012bvas p\u0101rvald\u012b\u0161anas probl\u0113mjaut\u0101jumos: s\u0101kot no iek\u0161\u0113jo kontroles sist\u0113mu izveides nepiecie\u0161am\u012bbas un turpinot ar starptautisko un nacion\u0101lo sankciju, k\u0101 ar\u012b klientu uzraudz\u012bbas procesu v\u0113rt\u0113jumu un zi\u0146ojumu iesnieg\u0161anu uzraudz\u012bbas iest\u0101d\u0113m par aizdom\u012bgiem dar\u012bjumiem.<\/p>\n<\/div>\n<\/div>\n<\/div>\n","protected":false},"excerpt":{"rendered":"<p><span data-contrast=\"auto\">Druk\u0101t\u0101 \u017eurn\u0101la pieg\u0101de:\u00a0<\/span><span data-ccp-props=\"{&quot;201341983&quot;:0,&quot;335559739&quot;:160,&quot;335559740&quot;:259}\">\u00a0<\/span><\/p>\n<ul>\n<li data-leveltext=\"\uf0b7\" data-font=\"Symbol\" data-listid=\"2\" data-aria-posinset=\"1\" data-aria-level=\"1\"><span data-contrast=\"auto\">ar OMNIVA vai &#8220;Latvijas Pasts&#8221; (pieg\u0101des izdevumi)<\/span><span data-ccp-props=\"{&quot;134233279&quot;:true,&quot;201341983&quot;:0,&quot;335559739&quot;:160,&quot;335559740&quot;:259}\">\u00a0<\/span><\/li>\n<li data-leveltext=\"\uf0b7\" data-font=\"Symbol\" data-listid=\"2\" data-aria-posinset=\"1\" data-aria-level=\"1\"><span class=\"NormalTextRun SCXW151442062 BCX0\">bez maksas\u00a0 &#8211; \u201cLatvijas V\u0113stne\u0161a\u201d Klientu centr\u0101 Bru\u0146inieku\u00a0<\/span><span class=\"NormalTextRun CommentStart SCXW151442062 BCX0\">41<\/span><span class=\"NormalTextRun SCXW151442062 BCX0\">, R\u012bg\u0101<\/span><\/li>\n<\/ul>\n<p><a title=\"9.augusts 2022 \/ Nr.32 (1246)\" href=\"https:\/\/juristavards.lv\/zurnals.php?laidiens_id=12431\" target=\"_blank\" rel=\"noopener\">\u017durn\u0101la digit\u0101l\u0101 versija<\/a><\/p>\n","protected":false},"featured_media":9716,"comment_status":"open","ping_status":"closed","template":"","meta":[],"product_cat":[361,363],"product_tag":[],"class_list":{"0":"post-9712","1":"product","2":"type-product","3":"status-publish","4":"has-post-thumbnail","6":"product_cat-zurnali","7":"product_cat-zurnali-gramatzurnali","9":"first","10":"instock","11":"taxable","12":"shipping-taxable","13":"purchasable","14":"product-type-simple"},"aioseo_notices":[],"_links":{"self":[{"href":"https:\/\/juristavards.lv\/veikals\/wp-json\/wp\/v2\/product\/9712"}],"collection":[{"href":"https:\/\/juristavards.lv\/veikals\/wp-json\/wp\/v2\/product"}],"about":[{"href":"https:\/\/juristavards.lv\/veikals\/wp-json\/wp\/v2\/types\/product"}],"replies":[{"embeddable":true,"href":"https:\/\/juristavards.lv\/veikals\/wp-json\/wp\/v2\/comments?post=9712"}],"wp:featuredmedia":[{"embeddable":true,"href":"https:\/\/juristavards.lv\/veikals\/wp-json\/wp\/v2\/media\/9716"}],"wp:attachment":[{"href":"https:\/\/juristavards.lv\/veikals\/wp-json\/wp\/v2\/media?parent=9712"}],"wp:term":[{"taxonomy":"product_cat","embeddable":true,"href":"https:\/\/juristavards.lv\/veikals\/wp-json\/wp\/v2\/product_cat?post=9712"},{"taxonomy":"product_tag","embeddable":true,"href":"https:\/\/juristavards.lv\/veikals\/wp-json\/wp\/v2\/product_tag?post=9712"}],"curies":[{"name":"wp","href":"https:\/\/api.w.org\/{rel}","templated":true}]}}